{"id":9,"date":"2012-09-27T04:29:20","date_gmt":"2012-09-27T04:29:20","guid":{"rendered":"http:\/\/studioteknik.ca\/shalouka\/?post_type=product&#038;p=9"},"modified":"2015-05-11T14:24:12","modified_gmt":"2015-05-11T19:24:12","slug":"t-shirt-ringer-adulte","status":"publish","type":"product","link":"https:\/\/shalouka.com\/fr\/produit\/t-shirt-ringer-adulte\/","title":{"rendered":"5530 &#8211; Ringer adulte"},"content":{"rendered":"<p>Jersey 100% coton pr\u00e9r\u00e9tr\u00e9ci fil\u00e9 \u00e0 l\u2019anneau, 9.4 oz.  Col et bordures de manches contrastants. Double coutures \u00e0 la base. <\/p>","protected":false},"excerpt":{"rendered":"<p>Jersey 100% coton pr\u00e9r\u00e9tr\u00e9ci fil\u00e9 \u00e0 l\u2019anneau, 9.4 oz. Col et bordures de manches contrastants. Double coutures \u00e0 la base.<\/p>\n","protected":false},"featured_media":4625,"template":"","meta":[],"class_list":{"0":"post-9","1":"product","2":"type-product","3":"status-publish","4":"has-post-thumbnail","6":"product_cat-vetements","7":"product_cat-gildan","8":"product_cat-manche-courte","9":"product_cat-homme","10":"pa_couleur-blanc-marine","11":"pa_couleur-blanc-noir","12":"pa_couleur-blanc-rouge","13":"pa_grandeur-l","14":"pa_grandeur-m","15":"pa_grandeur-s","16":"pa_grandeur-xl","17":"pa_grandeur-xxl","19":"first","20":"instock","21":"shipping-taxable","22":"purchasable","23":"product-type-variable"},"aioseo_notices":[],"_links":{"self":[{"href":"https:\/\/shalouka.com\/fr\/wp-json\/wp\/v2\/product\/9","targetHints":{"allow":["GET"]}}],"collection":[{"href":"https:\/\/shalouka.com\/fr\/wp-json\/wp\/v2\/product"}],"about":[{"href":"https:\/\/shalouka.com\/fr\/wp-json\/wp\/v2\/types\/product"}],"wp:featuredmedia":[{"embeddable":true,"href":"https:\/\/shalouka.com\/fr\/wp-json\/wp\/v2\/media\/4625"}],"wp:attachment":[{"href":"https:\/\/shalouka.com\/fr\/wp-json\/wp\/v2\/media?parent=9"}],"curies":[{"name":"wp","href":"https:\/\/api.w.org\/{rel}","templated":true}]}}