{"id":7,"date":"2012-09-27T04:20:01","date_gmt":"2012-09-27T04:20:01","guid":{"rendered":"http:\/\/studioteknik.ca\/shalouka\/?post_type=product&#038;p=7"},"modified":"2015-05-11T14:05:59","modified_gmt":"2015-05-11T19:05:59","slug":"t-shirt-coton-jersey-preretreci","status":"publish","type":"product","link":"https:\/\/shalouka.com\/fr\/produit\/t-shirt-coton-jersey-preretreci\/","title":{"rendered":"5000 &#8211; T-shirt coton sup\u00e9rieur"},"content":{"rendered":"<p>100% Coton pr\u00e9r\u00e9tr\u00e9ci, 8.8 oz. Encolure surpiqu\u00e9e \u00e0 deux aiguilles. Points de croix double aux ourlets des manches et de la taille. Bande de recouvrement aux \u00e9paules et au col. Tissu tourn\u00e9 d\u2019un quart de tour pour \u00e9liminer le pli central (ash grey 1% polyester, sport grey\/antique cherry red\/antique irish green\/antique jade dome\/antique orange 10% polyester, safety green\/safety orange\/neon blue\/neon green\/heather sapphire\/heather red\/dark heather 50% polyester)<\/p>","protected":false},"excerpt":{"rendered":"<p>100% Coton pr\u00e9r\u00e9tr\u00e9ci, 8.8 oz. Encolure surpiqu\u00e9e \u00e0 deux aiguilles. Points de croix double aux ourlets des manches et de la taille. Bande de recouvrement aux \u00e9paules et au col. Tissu tourn\u00e9 d\u2019un quart de tour pour \u00e9liminer le pli central (ash grey 1% polyester, sport grey\/antique cherry red\/antique irish green\/antique jade dome\/antique orange 10% [&hellip;]<\/p>\n","protected":false},"featured_media":4623,"template":"","meta":[],"class_list":{"0":"post-7","1":"product","2":"type-product","3":"status-publish","4":"has-post-thumbnail","6":"product_cat-vetements","7":"product_cat-gildan","8":"product_cat-manche-courte","9":"product_cat-homme","10":"pa_couleur-gris-cendre","11":"pa_couleur-azalee","12":"pa_couleur-baie","13":"pa_couleur-blanc","14":"pa_couleur-bleu-carolina","15":"pa_couleur-ciel","16":"pa_couleur-bleu-neon","17":"pa_couleur-bleu-pale","18":"pa_couleur-bleu-tropical","19":"pa_couleur-brun-savana","20":"pa_couleur-charbon","21":"pa_couleur-chocolat-fonce","22":"pa_couleur-vert-foret","23":"pa_couleur-gravel","24":"pa_couleur-gris-fonce","25":"pa_couleur-heliconia","26":"pa_couleur-indigo","27":"pa_couleur-vert-iris","28":"pa_couleur-jade-dome-antique","29":"pa_couleur-jaune-brume","30":"pa_couleur-kiwi","31":"pa_couleur-lime","32":"pa_couleur-mais-soyeux","33":"pa_couleur-marguerite","34":"pa_couleur-marine","35":"pa_couleur-marron","36":"pa_couleur-mauve","37":"pa_couleur-vert-militaire","38":"pa_couleur-naturel","39":"pa_couleur-noir","40":"pa_couleur-or-22","41":"pa_couleur-orange","42":"pa_couleur-orange-antique","43":"pa_couleur-orange-securite","44":"pa_couleur-orange-tennesee","45":"pa_couleur-rose-pale","46":"pa_couleur-rouge","47":"pa_couleur-rouge-bruyere","48":"pa_couleur-rouge-cardinal","49":"pa_couleur-rouge-cerise-antique","50":"pa_couleur-royal","51":"pa_couleur-sable","52":"pa_couleur-saphir","53":"pa_couleur-saphir-heather","54":"pa_couleur-gris-sport","55":"pa_couleur-tweed","56":"pa_couleur-vert-electrique","57":"pa_couleur-vert-gazon","58":"pa_couleur-vert-irlandais-antique","59":"pa_couleur-vert-neon","60":"pa_couleur-vert-securite","61":"pa_grandeur-3xl","62":"pa_grandeur-l","63":"pa_grandeur-m","64":"pa_grandeur-s","65":"pa_grandeur-xl","66":"pa_grandeur-xxl","68":"first","69":"instock","70":"shipping-taxable","71":"purchasable","72":"product-type-variable"},"aioseo_notices":[],"_links":{"self":[{"href":"https:\/\/shalouka.com\/fr\/wp-json\/wp\/v2\/product\/7","targetHints":{"allow":["GET"]}}],"collection":[{"href":"https:\/\/shalouka.com\/fr\/wp-json\/wp\/v2\/product"}],"about":[{"href":"https:\/\/shalouka.com\/fr\/wp-json\/wp\/v2\/types\/product"}],"wp:featuredmedia":[{"embeddable":true,"href":"https:\/\/shalouka.com\/fr\/wp-json\/wp\/v2\/media\/4623"}],"wp:attachment":[{"href":"https:\/\/shalouka.com\/fr\/wp-json\/wp\/v2\/media?parent=7"}],"curies":[{"name":"wp","href":"https:\/\/api.w.org\/{rel}","templated":true}]}}