{"id":55,"date":"2012-09-27T05:49:17","date_gmt":"2012-09-27T05:49:17","guid":{"rendered":"http:\/\/studioteknik.ca\/shalouka\/?post_type=product&#038;p=55"},"modified":"2014-03-11T21:44:25","modified_gmt":"2014-03-12T01:44:25","slug":"pantalon-dentrainement-molletonne-a-jambe-droite","status":"publish","type":"product","link":"https:\/\/shalouka.com\/fr\/produit\/pantalon-dentrainement-molletonne-a-jambe-droite\/","title":{"rendered":"Pantalon d&#8217;entra\u00eenement molletonn\u00e9 \u00e0 jambe droite"},"content":{"rendered":"<p>Pr\u00e9-r\u00e9tr\u00e9ci et blanchi, 100% coton peign\u00e9 et fil\u00e9 \u00e0 l\u2019anneau. Pantalon \u00e0 jambe droite et cordon de serrage 12,5 onces. Tricot molletonn\u00e9, tr\u00e8s doux. Couture \u00e0 points couvrants ceinture mont\u00e9e 2\u201d et ourlet \u00e0 la base 1\u201d. Coupe pour \u00a0femmes. (Bella Canvas B7017)<\/p>","protected":false},"excerpt":{"rendered":"<p>Pr\u00e9-r\u00e9tr\u00e9ci et blanchi, 100% coton peign\u00e9 et fil\u00e9 \u00e0 l\u2019anneau. Pantalon \u00e0 jambe droite et cordon de serrage 12,5 onces. Tricot molletonn\u00e9, tr\u00e8s doux. Couture \u00e0 points couvrants ceinture mont\u00e9e 2\u201d et ourlet \u00e0 la base 1\u201d. Coupe pour \u00a0femmes. (Bella Canvas B7017)<\/p>\n","protected":false},"featured_media":1598,"template":"","meta":[],"class_list":{"0":"post-55","1":"product","2":"type-product","3":"status-publish","4":"has-post-thumbnail","6":"product_cat-vetements","7":"product_cat-molleton","8":"product_cat-bella-canvas","9":"product_cat-pantalons","10":"product_cat-femme","11":"pa_couleur-gris-fonce","12":"pa_couleur-marine","13":"pa_couleur-noir","14":"pa_grandeur-l","15":"pa_grandeur-m","16":"pa_grandeur-s","17":"pa_grandeur-xl","19":"first","20":"instock","21":"shipping-taxable","22":"purchasable","23":"product-type-variable"},"aioseo_notices":[],"_links":{"self":[{"href":"https:\/\/shalouka.com\/fr\/wp-json\/wp\/v2\/product\/55","targetHints":{"allow":["GET"]}}],"collection":[{"href":"https:\/\/shalouka.com\/fr\/wp-json\/wp\/v2\/product"}],"about":[{"href":"https:\/\/shalouka.com\/fr\/wp-json\/wp\/v2\/types\/product"}],"wp:featuredmedia":[{"embeddable":true,"href":"https:\/\/shalouka.com\/fr\/wp-json\/wp\/v2\/media\/1598"}],"wp:attachment":[{"href":"https:\/\/shalouka.com\/fr\/wp-json\/wp\/v2\/media?parent=55"}],"curies":[{"name":"wp","href":"https:\/\/api.w.org\/{rel}","templated":true}]}}