{"id":54,"date":"2012-09-27T05:47:47","date_gmt":"2012-09-27T05:47:47","guid":{"rendered":"http:\/\/studioteknik.ca\/shalouka\/?post_type=product&#038;p=54"},"modified":"2014-03-11T21:44:44","modified_gmt":"2014-03-12T01:44:44","slug":"pantalon-de-detente-en-tissu-extensible","status":"publish","type":"product","link":"https:\/\/shalouka.com\/fr\/produit\/pantalon-de-detente-en-tissu-extensible\/","title":{"rendered":"Pantalon de d\u00e9tente en tissu extensible"},"content":{"rendered":"<p>Pantalon de d\u00e9tente, 95% coton peign\u00e9 et fil\u00e9 \u00e0 l&#8217;anneau et 5% spandex, \u00e0 taille basse et \u00e0 jambe droite l\u00e9g\u00e8rement \u00e9vas\u00e9e pour souligner les courbes f\u00e9minines. Ceinture c\u00f4tel\u00e9e \u00e9lastique \u00e0 cordon de serrage pour flatter la silhouette. (Bella Canvas B7217)<\/p>","protected":false},"excerpt":{"rendered":"<p>Pantalon de d\u00e9tente, 95% coton peign\u00e9 et fil\u00e9 \u00e0 l&#8217;anneau et 5% spandex, \u00e0 taille basse et \u00e0 jambe droite l\u00e9g\u00e8rement \u00e9vas\u00e9e pour souligner les courbes f\u00e9minines. Ceinture c\u00f4tel\u00e9e \u00e9lastique \u00e0 cordon de serrage pour flatter la silhouette. (Bella Canvas B7217)<\/p>\n","protected":false},"featured_media":1535,"template":"","meta":[],"class_list":{"0":"post-54","1":"product","2":"type-product","3":"status-publish","4":"has-post-thumbnail","6":"product_cat-vetements","7":"product_cat-bella-canvas","8":"product_cat-pantalons","9":"product_cat-femme","10":"pa_couleur-chocolat","11":"pa_couleur-minuit","12":"pa_couleur-noir","13":"pa_grandeur-l","14":"pa_grandeur-m","15":"pa_grandeur-s","16":"pa_grandeur-xl","18":"first","19":"instock","20":"shipping-taxable","21":"purchasable","22":"product-type-variable"},"aioseo_notices":[],"_links":{"self":[{"href":"https:\/\/shalouka.com\/fr\/wp-json\/wp\/v2\/product\/54","targetHints":{"allow":["GET"]}}],"collection":[{"href":"https:\/\/shalouka.com\/fr\/wp-json\/wp\/v2\/product"}],"about":[{"href":"https:\/\/shalouka.com\/fr\/wp-json\/wp\/v2\/types\/product"}],"wp:featuredmedia":[{"embeddable":true,"href":"https:\/\/shalouka.com\/fr\/wp-json\/wp\/v2\/media\/1535"}],"wp:attachment":[{"href":"https:\/\/shalouka.com\/fr\/wp-json\/wp\/v2\/media?parent=54"}],"curies":[{"name":"wp","href":"https:\/\/api.w.org\/{rel}","templated":true}]}}