{"id":5319,"date":"2017-11-12T22:52:16","date_gmt":"2017-11-13T03:52:16","guid":{"rendered":"http:\/\/shalouka.com\/fr\/produit\/finissant-140\/"},"modified":"2017-11-12T23:26:36","modified_gmt":"2017-11-13T04:26:36","slug":"finissant-147","status":"publish","type":"product","link":"https:\/\/shalouka.com\/fr\/produit\/finissant-147\/","title":{"rendered":"Finissant 147"},"content":{"rendered":"<p>Chandail de finissant pour l&#8217;\u00e9cole secondaire Grande Rivi\u00e8re (ESGR) (mod\u00e8le 147)<\/p>","protected":false},"excerpt":{"rendered":"<p>Chandail de finissant pour l&#8217;\u00e9cole secondaire Grande Rivi\u00e8re (ESGR) (mod\u00e8le 147)<\/p>\n","protected":false},"featured_media":5339,"template":"","meta":[],"class_list":{"0":"post-5319","1":"product","2":"type-product","3":"status-publish","4":"has-post-thumbnail","6":"product_cat-nouveaute2017","7":"product_cat-finissant","8":"product_cat-signatures","10":"first","11":"instock","12":"shipping-taxable","13":"product-type-simple"},"aioseo_notices":[],"_links":{"self":[{"href":"https:\/\/shalouka.com\/fr\/wp-json\/wp\/v2\/product\/5319","targetHints":{"allow":["GET"]}}],"collection":[{"href":"https:\/\/shalouka.com\/fr\/wp-json\/wp\/v2\/product"}],"about":[{"href":"https:\/\/shalouka.com\/fr\/wp-json\/wp\/v2\/types\/product"}],"wp:featuredmedia":[{"embeddable":true,"href":"https:\/\/shalouka.com\/fr\/wp-json\/wp\/v2\/media\/5339"}],"wp:attachment":[{"href":"https:\/\/shalouka.com\/fr\/wp-json\/wp\/v2\/media?parent=5319"}],"curies":[{"name":"wp","href":"https:\/\/api.w.org\/{rel}","templated":true}]}}