{"id":53,"date":"2012-09-27T05:44:24","date_gmt":"2012-09-27T05:44:24","guid":{"rendered":"http:\/\/studioteknik.ca\/shalouka\/?post_type=product&#038;p=53"},"modified":"2015-05-13T20:07:34","modified_gmt":"2015-05-14T01:07:34","slug":"pantalon-molletonne-sans-poche-avec-elastiques-aux-chevilles","status":"publish","type":"product","link":"https:\/\/shalouka.com\/fr\/produit\/18200-pantalon-molletonne-sans-poche-avec-elastiques-aux-chevilles\/","title":{"rendered":"18200 &#8211; Pantalon molletonn\u00e9 sans poche avec \u00e9lastiques aux chevilles"},"content":{"rendered":"<p>50\/50 M\u00e9lange de tissu molletonn\u00e9. Fil\u00e9 de fibres par jet d\u2019air r\u00e9sistant au boulochage. 13.5 oz par verge lin\u00e9aire. Sans poche. Cordon \u00e0 la taille et \u00e9lastiques aux chevilles.<\/p>","protected":false},"excerpt":{"rendered":"<p>50\/50 M\u00e9lange de tissu molletonn\u00e9. Fil\u00e9 de fibres par jet d\u2019air r\u00e9sistant au boulochage. 13.5 oz par verge lin\u00e9aire. Sans poche. Cordon \u00e0 la taille et \u00e9lastiques aux chevilles.<\/p>\n","protected":false},"featured_media":4643,"template":"","meta":[],"class_list":{"0":"post-53","1":"product","2":"type-product","3":"status-publish","4":"has-post-thumbnail","6":"product_cat-vetements","7":"product_cat-molleton","8":"product_cat-gildan","9":"product_cat-pantalons","10":"product_cat-homme","11":"pa_couleur-vert-foret","12":"pa_couleur-marine","13":"pa_couleur-noir","14":"pa_couleur-rouge","15":"pa_couleur-royal","16":"pa_couleur-gris-sport","17":"pa_grandeur-l","18":"pa_grandeur-m","19":"pa_grandeur-s","20":"pa_grandeur-xl","21":"pa_grandeur-xxl","23":"first","24":"instock","25":"shipping-taxable","26":"purchasable","27":"product-type-variable"},"aioseo_notices":[],"_links":{"self":[{"href":"https:\/\/shalouka.com\/fr\/wp-json\/wp\/v2\/product\/53","targetHints":{"allow":["GET"]}}],"collection":[{"href":"https:\/\/shalouka.com\/fr\/wp-json\/wp\/v2\/product"}],"about":[{"href":"https:\/\/shalouka.com\/fr\/wp-json\/wp\/v2\/types\/product"}],"wp:featuredmedia":[{"embeddable":true,"href":"https:\/\/shalouka.com\/fr\/wp-json\/wp\/v2\/media\/4643"}],"wp:attachment":[{"href":"https:\/\/shalouka.com\/fr\/wp-json\/wp\/v2\/media?parent=53"}],"curies":[{"name":"wp","href":"https:\/\/api.w.org\/{rel}","templated":true}]}}