{"id":528,"date":"2012-10-28T13:01:05","date_gmt":"2012-10-28T17:01:05","guid":{"rendered":"http:\/\/www.shalouka.com\/shop\/finissant-xiii\/"},"modified":"2014-03-17T21:22:54","modified_gmt":"2014-03-18T01:22:54","slug":"pantalon-01","status":"publish","type":"product","link":"https:\/\/shalouka.com\/fr\/produit\/pantalon-01\/","title":{"rendered":"Pantalon 01"},"content":{"rendered":"<p>Imprim\u00e9 de finissant horizontal pour pantalon \u00e0 personnaliser (mod\u00e8le 01)<\/p>","protected":false},"excerpt":{"rendered":"<p>Imprim\u00e9 de finissant horizontal pour pantalon \u00e0 personnaliser (mod\u00e8le 01)<\/p>\n","protected":false},"featured_media":2579,"template":"","meta":[],"class_list":{"0":"post-528","1":"product","2":"type-product","3":"status-publish","4":"has-post-thumbnail","6":"product_cat-pantalon","8":"first","9":"instock","10":"shipping-taxable","11":"product-type-simple"},"aioseo_notices":[],"_links":{"self":[{"href":"https:\/\/shalouka.com\/fr\/wp-json\/wp\/v2\/product\/528","targetHints":{"allow":["GET"]}}],"collection":[{"href":"https:\/\/shalouka.com\/fr\/wp-json\/wp\/v2\/product"}],"about":[{"href":"https:\/\/shalouka.com\/fr\/wp-json\/wp\/v2\/types\/product"}],"wp:featuredmedia":[{"embeddable":true,"href":"https:\/\/shalouka.com\/fr\/wp-json\/wp\/v2\/media\/2579"}],"wp:attachment":[{"href":"https:\/\/shalouka.com\/fr\/wp-json\/wp\/v2\/media?parent=528"}],"curies":[{"name":"wp","href":"https:\/\/api.w.org\/{rel}","templated":true}]}}