{"id":5245,"date":"2017-11-12T21:51:57","date_gmt":"2017-11-13T02:51:57","guid":{"rendered":"http:\/\/shalouka.com\/fr\/produit\/finissant-125\/"},"modified":"2017-11-12T22:10:36","modified_gmt":"2017-11-13T03:10:36","slug":"finissant-130","status":"publish","type":"product","link":"https:\/\/shalouka.com\/fr\/produit\/finissant-130\/","title":{"rendered":"Finissant 130"},"content":{"rendered":"<p>Chandail de finissant du Coll\u00e8ge Ph\u00e9nix Saint-Louis (mod\u00e8le 130)<\/p>","protected":false},"excerpt":{"rendered":"<p>Chandail de finissant du Coll\u00e8ge Ph\u00e9nix Saint-Louis (mod\u00e8le 130)<\/p>\n","protected":false},"featured_media":5264,"template":"","meta":[],"class_list":{"0":"post-5245","1":"product","2":"type-product","3":"status-publish","4":"has-post-thumbnail","6":"product_cat-nouveaute2017","7":"product_cat-basketball","8":"product_cat-soccer","9":"product_cat-volleyball","10":"product_cat-equipe","11":"product_cat-finissant","12":"product_cat-design-decole","14":"first","15":"instock","16":"shipping-taxable","17":"product-type-simple"},"aioseo_notices":[],"_links":{"self":[{"href":"https:\/\/shalouka.com\/fr\/wp-json\/wp\/v2\/product\/5245","targetHints":{"allow":["GET"]}}],"collection":[{"href":"https:\/\/shalouka.com\/fr\/wp-json\/wp\/v2\/product"}],"about":[{"href":"https:\/\/shalouka.com\/fr\/wp-json\/wp\/v2\/types\/product"}],"wp:featuredmedia":[{"embeddable":true,"href":"https:\/\/shalouka.com\/fr\/wp-json\/wp\/v2\/media\/5264"}],"wp:attachment":[{"href":"https:\/\/shalouka.com\/fr\/wp-json\/wp\/v2\/media?parent=5245"}],"curies":[{"name":"wp","href":"https:\/\/api.w.org\/{rel}","templated":true}]}}