{"id":522,"date":"2012-10-28T13:00:57","date_gmt":"2012-10-28T17:00:57","guid":{"rendered":"http:\/\/www.shalouka.com\/shop\/finissant-grunge\/"},"modified":"2014-03-17T21:23:15","modified_gmt":"2014-03-18T01:23:15","slug":"pantalon-04","status":"publish","type":"product","link":"https:\/\/shalouka.com\/fr\/produit\/pantalon-04\/","title":{"rendered":"Pantalon 04"},"content":{"rendered":"<p>Imprim\u00e9 de finissant vertical pour pantalon \u00e0 personnaliser (mod\u00e8le 04)<\/p>","protected":false},"excerpt":{"rendered":"<p>Imprim\u00e9 de finissant vertical pour pantalon \u00e0 personnaliser (mod\u00e8le 04)<\/p>\n","protected":false},"featured_media":2587,"template":"","meta":[],"class_list":{"0":"post-522","1":"product","2":"type-product","3":"status-publish","4":"has-post-thumbnail","6":"product_cat-pantalon","8":"first","9":"instock","10":"shipping-taxable","11":"product-type-simple"},"aioseo_notices":[],"_links":{"self":[{"href":"https:\/\/shalouka.com\/fr\/wp-json\/wp\/v2\/product\/522","targetHints":{"allow":["GET"]}}],"collection":[{"href":"https:\/\/shalouka.com\/fr\/wp-json\/wp\/v2\/product"}],"about":[{"href":"https:\/\/shalouka.com\/fr\/wp-json\/wp\/v2\/types\/product"}],"wp:featuredmedia":[{"embeddable":true,"href":"https:\/\/shalouka.com\/fr\/wp-json\/wp\/v2\/media\/2587"}],"wp:attachment":[{"href":"https:\/\/shalouka.com\/fr\/wp-json\/wp\/v2\/media?parent=522"}],"curies":[{"name":"wp","href":"https:\/\/api.w.org\/{rel}","templated":true}]}}