{"id":52,"date":"2012-09-27T05:41:20","date_gmt":"2012-09-27T05:41:20","guid":{"rendered":"http:\/\/studioteknik.ca\/shalouka\/?post_type=product&#038;p=52"},"modified":"2015-05-13T20:03:20","modified_gmt":"2015-05-14T01:03:20","slug":"pantalon-molletonne-sans-poche-a-jambe-droite","status":"publish","type":"product","link":"https:\/\/shalouka.com\/fr\/produit\/18400-pantalon-molletonne-sans-poche-a-jambe-droite\/","title":{"rendered":"18400 &#8211; Pantalon molletonn\u00e9 sans poche \u00e0 jambe droite"},"content":{"rendered":"<p>50% Coton\/ 50% polyester pr\u00e9r\u00e9tr\u00e9ci. Tissage \u00e0 jet d\u2019air &#8211; plus de douceur et anti-bouloche. Jambe l\u00e9g\u00e8rement \u00e9vas\u00e9e, ouverte \u00e0 la base. Sans poche. Ceinture \u00e9lastique avec cordon de serrage dissimul\u00e9. Taille diff\u00e9rentielle pour un meilleur ajustement.<\/p>","protected":false},"excerpt":{"rendered":"<p>50% Coton\/ 50% polyester pr\u00e9r\u00e9tr\u00e9ci. Tissage \u00e0 jet d\u2019air &#8211; plus de douceur et anti-bouloche. Jambe l\u00e9g\u00e8rement \u00e9vas\u00e9e, ouverte \u00e0 la base. Sans poche. Ceinture \u00e9lastique avec cordon de serrage dissimul\u00e9. Taille diff\u00e9rentielle pour un meilleur ajustement.<\/p>\n","protected":false},"featured_media":4642,"template":"","meta":[],"class_list":{"0":"post-52","1":"product","2":"type-product","3":"status-publish","4":"has-post-thumbnail","6":"product_cat-vetements","7":"product_cat-molleton","8":"product_cat-gildan","9":"product_cat-pantalons","10":"product_cat-homme","11":"pa_couleur-charbon","12":"pa_couleur-marine","13":"pa_couleur-noir","14":"pa_couleur-gris-sport","15":"pa_grandeur-l","16":"pa_grandeur-m","17":"pa_grandeur-s","18":"pa_grandeur-xl","19":"pa_grandeur-xxl","21":"first","22":"instock","23":"shipping-taxable","24":"purchasable","25":"product-type-variable"},"aioseo_notices":[],"_links":{"self":[{"href":"https:\/\/shalouka.com\/fr\/wp-json\/wp\/v2\/product\/52","targetHints":{"allow":["GET"]}}],"collection":[{"href":"https:\/\/shalouka.com\/fr\/wp-json\/wp\/v2\/product"}],"about":[{"href":"https:\/\/shalouka.com\/fr\/wp-json\/wp\/v2\/types\/product"}],"wp:featuredmedia":[{"embeddable":true,"href":"https:\/\/shalouka.com\/fr\/wp-json\/wp\/v2\/media\/4642"}],"wp:attachment":[{"href":"https:\/\/shalouka.com\/fr\/wp-json\/wp\/v2\/media?parent=52"}],"curies":[{"name":"wp","href":"https:\/\/api.w.org\/{rel}","templated":true}]}}