{"id":518,"date":"2012-10-28T12:55:35","date_gmt":"2012-10-28T16:55:35","guid":{"rendered":"http:\/\/www.shalouka.com\/shop\/finissant-montcalm\/"},"modified":"2014-03-17T21:23:32","modified_gmt":"2014-03-18T01:23:32","slug":"pantalon-06","status":"publish","type":"product","link":"https:\/\/shalouka.com\/fr\/produit\/pantalon-06\/","title":{"rendered":"Pantalon 06"},"content":{"rendered":"<p>Imprim\u00e9 de finissant vertical pour pantalon \u00e0 personnaliser (mod\u00e8le 06)<\/p>","protected":false},"excerpt":{"rendered":"<p>Imprim\u00e9 de finissant vertical pour pantalon \u00e0 personnaliser (mod\u00e8le 06)<\/p>\n","protected":false},"featured_media":2592,"template":"","meta":[],"class_list":{"0":"post-518","1":"product","2":"type-product","3":"status-publish","4":"has-post-thumbnail","6":"product_cat-pantalon","8":"first","9":"instock","10":"shipping-taxable","11":"product-type-simple"},"aioseo_notices":[],"_links":{"self":[{"href":"https:\/\/shalouka.com\/fr\/wp-json\/wp\/v2\/product\/518","targetHints":{"allow":["GET"]}}],"collection":[{"href":"https:\/\/shalouka.com\/fr\/wp-json\/wp\/v2\/product"}],"about":[{"href":"https:\/\/shalouka.com\/fr\/wp-json\/wp\/v2\/types\/product"}],"wp:featuredmedia":[{"embeddable":true,"href":"https:\/\/shalouka.com\/fr\/wp-json\/wp\/v2\/media\/2592"}],"wp:attachment":[{"href":"https:\/\/shalouka.com\/fr\/wp-json\/wp\/v2\/media?parent=518"}],"curies":[{"name":"wp","href":"https:\/\/api.w.org\/{rel}","templated":true}]}}