{"id":5055,"date":"2015-09-14T09:47:31","date_gmt":"2015-09-14T14:47:31","guid":{"rendered":"http:\/\/shalouka.com\/produit\/style-dapplique-010\/"},"modified":"2015-09-14T09:56:25","modified_gmt":"2015-09-14T14:56:25","slug":"style-dapplique-016","status":"publish","type":"product","link":"https:\/\/shalouka.com\/fr\/produit\/style-dapplique-016\/","title":{"rendered":"Style d&#8217;appliqu\u00e9 016"},"content":{"rendered":"<p>Appliqu\u00e9 double (Feutre sur &#8220;Twill&#8221;) avec s\u00e9rigraphie<\/p>","protected":false},"excerpt":{"rendered":"<p>Appliqu\u00e9 double (Feutre sur &#8220;Twill&#8221;) avec s\u00e9rigraphie<\/p>\n","protected":false},"featured_media":5038,"template":"","meta":[],"class_list":{"0":"post-5055","1":"product","2":"type-product","3":"status-publish","4":"has-post-thumbnail","6":"product_cat-styles-dappliques","8":"first","9":"instock","10":"shipping-taxable","11":"product-type-simple"},"aioseo_notices":[],"_links":{"self":[{"href":"https:\/\/shalouka.com\/fr\/wp-json\/wp\/v2\/product\/5055","targetHints":{"allow":["GET"]}}],"collection":[{"href":"https:\/\/shalouka.com\/fr\/wp-json\/wp\/v2\/product"}],"about":[{"href":"https:\/\/shalouka.com\/fr\/wp-json\/wp\/v2\/types\/product"}],"wp:featuredmedia":[{"embeddable":true,"href":"https:\/\/shalouka.com\/fr\/wp-json\/wp\/v2\/media\/5038"}],"wp:attachment":[{"href":"https:\/\/shalouka.com\/fr\/wp-json\/wp\/v2\/media?parent=5055"}],"curies":[{"name":"wp","href":"https:\/\/api.w.org\/{rel}","templated":true}]}}