{"id":5052,"date":"2015-09-14T09:47:24","date_gmt":"2015-09-14T14:47:24","guid":{"rendered":"http:\/\/shalouka.com\/produit\/style-dapplique-010\/"},"modified":"2015-09-14T09:54:26","modified_gmt":"2015-09-14T14:54:26","slug":"style-dapplique-014","status":"publish","type":"product","link":"https:\/\/shalouka.com\/fr\/produit\/style-dapplique-014\/","title":{"rendered":"Style d&#8217;appliqu\u00e9 014"},"content":{"rendered":"<p>Appliqu\u00e9 renvers\u00e9 de jersey avec s\u00e9rigraphie<\/p>","protected":false},"excerpt":{"rendered":"<p>Appliqu\u00e9 renvers\u00e9 de jersey avec s\u00e9rigraphie<\/p>\n","protected":false},"featured_media":5036,"template":"","meta":[],"class_list":{"0":"post-5052","1":"product","2":"type-product","3":"status-publish","4":"has-post-thumbnail","6":"product_cat-styles-dappliques","8":"first","9":"instock","10":"shipping-taxable","11":"product-type-simple"},"aioseo_notices":[],"_links":{"self":[{"href":"https:\/\/shalouka.com\/fr\/wp-json\/wp\/v2\/product\/5052","targetHints":{"allow":["GET"]}}],"collection":[{"href":"https:\/\/shalouka.com\/fr\/wp-json\/wp\/v2\/product"}],"about":[{"href":"https:\/\/shalouka.com\/fr\/wp-json\/wp\/v2\/types\/product"}],"wp:featuredmedia":[{"embeddable":true,"href":"https:\/\/shalouka.com\/fr\/wp-json\/wp\/v2\/media\/5036"}],"wp:attachment":[{"href":"https:\/\/shalouka.com\/fr\/wp-json\/wp\/v2\/media?parent=5052"}],"curies":[{"name":"wp","href":"https:\/\/api.w.org\/{rel}","templated":true}]}}