{"id":5047,"date":"2015-09-10T21:36:33","date_gmt":"2015-09-11T02:36:33","guid":{"rendered":"http:\/\/shalouka.com\/produit\/style-dapplique-001\/"},"modified":"2015-09-10T21:58:51","modified_gmt":"2015-09-11T02:58:51","slug":"style-dapplique-007","status":"publish","type":"product","link":"https:\/\/shalouka.com\/fr\/produit\/style-dapplique-007\/","title":{"rendered":"Style d&#8217;appliqu\u00e9 007"},"content":{"rendered":"<p>Appliqu\u00e9 vintage et us\u00e9 (Jersey sur feutre souple)<\/p>","protected":false},"excerpt":{"rendered":"<p>Appliqu\u00e9 vintage et us\u00e9 (Jersey sur feutre souple)<\/p>\n","protected":false},"featured_media":5029,"template":"","meta":[],"class_list":{"0":"post-5047","1":"product","2":"type-product","3":"status-publish","4":"has-post-thumbnail","6":"product_cat-styles-dappliques","8":"first","9":"instock","10":"shipping-taxable","11":"product-type-simple"},"aioseo_notices":[],"_links":{"self":[{"href":"https:\/\/shalouka.com\/fr\/wp-json\/wp\/v2\/product\/5047","targetHints":{"allow":["GET"]}}],"collection":[{"href":"https:\/\/shalouka.com\/fr\/wp-json\/wp\/v2\/product"}],"about":[{"href":"https:\/\/shalouka.com\/fr\/wp-json\/wp\/v2\/types\/product"}],"wp:featuredmedia":[{"embeddable":true,"href":"https:\/\/shalouka.com\/fr\/wp-json\/wp\/v2\/media\/5029"}],"wp:attachment":[{"href":"https:\/\/shalouka.com\/fr\/wp-json\/wp\/v2\/media?parent=5047"}],"curies":[{"name":"wp","href":"https:\/\/api.w.org\/{rel}","templated":true}]}}