{"id":5043,"date":"2015-09-10T13:56:39","date_gmt":"2015-09-10T18:56:39","guid":{"rendered":"http:\/\/shalouka.com\/produit\/style-dapplique-001\/"},"modified":"2015-09-10T21:15:45","modified_gmt":"2015-09-11T02:15:45","slug":"style-dapplique-003","status":"publish","type":"product","link":"https:\/\/shalouka.com\/fr\/produit\/style-dapplique-003\/","title":{"rendered":"Style d&#8217;appliqu\u00e9 003"},"content":{"rendered":"<p>S\u00e9rigraphie avec encre m\u00e9tallique<\/p>","protected":false},"excerpt":{"rendered":"<p>S\u00e9rigraphie avec encre m\u00e9tallique<\/p>\n","protected":false},"featured_media":5020,"template":"","meta":[],"class_list":{"0":"post-5043","1":"product","2":"type-product","3":"status-publish","4":"has-post-thumbnail","6":"product_cat-styles-dappliques","8":"first","9":"instock","10":"shipping-taxable","11":"product-type-simple"},"aioseo_notices":[],"_links":{"self":[{"href":"https:\/\/shalouka.com\/fr\/wp-json\/wp\/v2\/product\/5043","targetHints":{"allow":["GET"]}}],"collection":[{"href":"https:\/\/shalouka.com\/fr\/wp-json\/wp\/v2\/product"}],"about":[{"href":"https:\/\/shalouka.com\/fr\/wp-json\/wp\/v2\/types\/product"}],"wp:featuredmedia":[{"embeddable":true,"href":"https:\/\/shalouka.com\/fr\/wp-json\/wp\/v2\/media\/5020"}],"wp:attachment":[{"href":"https:\/\/shalouka.com\/fr\/wp-json\/wp\/v2\/media?parent=5043"}],"curies":[{"name":"wp","href":"https:\/\/api.w.org\/{rel}","templated":true}]}}