{"id":5015,"date":"2015-08-05T13:39:56","date_gmt":"2015-08-05T18:39:56","guid":{"rendered":"http:\/\/shalouka.com\/produit\/finissant-120\/"},"modified":"2015-08-05T13:42:14","modified_gmt":"2015-08-05T18:42:14","slug":"finissant-121","status":"publish","type":"product","link":"https:\/\/shalouka.com\/fr\/produit\/finissant-121\/","title":{"rendered":"Finissant 121"},"content":{"rendered":"<p>Chandail de finissant de l&#8217;\u00e9cole secondaire du Versant, s\u00e9rigraphie 11&#8243; (mod\u00e8le 121)<\/p>","protected":false},"excerpt":{"rendered":"<p>Chandail de finissant de l&#8217;\u00e9cole secondaire du Versant, s\u00e9rigraphie 11&#8243; (mod\u00e8le 121)<\/p>\n","protected":false},"featured_media":5016,"template":"","meta":[],"class_list":{"0":"post-5015","1":"product","2":"type-product","3":"status-publish","4":"has-post-thumbnail","6":"product_cat-finissant","7":"product_cat-design-decole","9":"first","10":"instock","11":"shipping-taxable","12":"product-type-simple"},"aioseo_notices":[],"_links":{"self":[{"href":"https:\/\/shalouka.com\/fr\/wp-json\/wp\/v2\/product\/5015","targetHints":{"allow":["GET"]}}],"collection":[{"href":"https:\/\/shalouka.com\/fr\/wp-json\/wp\/v2\/product"}],"about":[{"href":"https:\/\/shalouka.com\/fr\/wp-json\/wp\/v2\/types\/product"}],"wp:featuredmedia":[{"embeddable":true,"href":"https:\/\/shalouka.com\/fr\/wp-json\/wp\/v2\/media\/5016"}],"wp:attachment":[{"href":"https:\/\/shalouka.com\/fr\/wp-json\/wp\/v2\/media?parent=5015"}],"curies":[{"name":"wp","href":"https:\/\/api.w.org\/{rel}","templated":true}]}}