{"id":5000,"date":"2015-08-04T17:30:39","date_gmt":"2015-08-04T22:30:39","guid":{"rendered":"http:\/\/shalouka.com\/produit\/sublimation-001\/"},"modified":"2015-09-14T10:09:31","modified_gmt":"2015-09-14T15:09:31","slug":"sublimation-022","status":"publish","type":"product","link":"https:\/\/shalouka.com\/fr\/produit\/sublimation-022\/","title":{"rendered":"Sublimation 022"},"content":{"rendered":"<p>Visuel g\u00e9n\u00e9rique pour chandail et short sportif (mod\u00e8le sublimation-022)<\/p>","protected":false},"excerpt":{"rendered":"<p>Visuel g\u00e9n\u00e9rique pour chandail et short sportif (mod\u00e8le sublimation-022)<\/p>\n","protected":false},"featured_media":5003,"template":"","meta":[],"class_list":{"0":"post-5000","1":"product","2":"type-product","3":"status-publish","4":"has-post-thumbnail","6":"product_cat-sublimation","7":"product_cat-sport","9":"first","10":"instock","11":"shipping-taxable","12":"product-type-simple"},"aioseo_notices":[],"_links":{"self":[{"href":"https:\/\/shalouka.com\/fr\/wp-json\/wp\/v2\/product\/5000","targetHints":{"allow":["GET"]}}],"collection":[{"href":"https:\/\/shalouka.com\/fr\/wp-json\/wp\/v2\/product"}],"about":[{"href":"https:\/\/shalouka.com\/fr\/wp-json\/wp\/v2\/types\/product"}],"wp:featuredmedia":[{"embeddable":true,"href":"https:\/\/shalouka.com\/fr\/wp-json\/wp\/v2\/media\/5003"}],"wp:attachment":[{"href":"https:\/\/shalouka.com\/fr\/wp-json\/wp\/v2\/media?parent=5000"}],"curies":[{"name":"wp","href":"https:\/\/api.w.org\/{rel}","templated":true}]}}