{"id":4976,"date":"2015-08-04T17:05:12","date_gmt":"2015-08-04T22:05:12","guid":{"rendered":"http:\/\/shalouka.com\/produit\/sublimation-001\/"},"modified":"2015-09-14T10:10:33","modified_gmt":"2015-09-14T15:10:33","slug":"sublimation-018","status":"publish","type":"product","link":"https:\/\/shalouka.com\/fr\/produit\/sublimation-018\/","title":{"rendered":"Sublimation 018"},"content":{"rendered":"<p>Visuel g\u00e9n\u00e9rique pour chandail et short de basketball (mod\u00e8le sublimation-018)<\/p>","protected":false},"excerpt":{"rendered":"<p>Visuel g\u00e9n\u00e9rique pour chandail et short de basketball (mod\u00e8le sublimation-018)<\/p>\n","protected":false},"featured_media":4988,"template":"","meta":[],"class_list":{"0":"post-4976","1":"product","2":"type-product","3":"status-publish","4":"has-post-thumbnail","6":"product_cat-sublimation","7":"product_cat-sport","8":"product_cat-basketball","10":"first","11":"instock","12":"shipping-taxable","13":"product-type-simple"},"aioseo_notices":[],"_links":{"self":[{"href":"https:\/\/shalouka.com\/fr\/wp-json\/wp\/v2\/product\/4976","targetHints":{"allow":["GET"]}}],"collection":[{"href":"https:\/\/shalouka.com\/fr\/wp-json\/wp\/v2\/product"}],"about":[{"href":"https:\/\/shalouka.com\/fr\/wp-json\/wp\/v2\/types\/product"}],"wp:featuredmedia":[{"embeddable":true,"href":"https:\/\/shalouka.com\/fr\/wp-json\/wp\/v2\/media\/4988"}],"wp:attachment":[{"href":"https:\/\/shalouka.com\/fr\/wp-json\/wp\/v2\/media?parent=4976"}],"curies":[{"name":"wp","href":"https:\/\/api.w.org\/{rel}","templated":true}]}}