{"id":4975,"date":"2015-08-04T17:04:52","date_gmt":"2015-08-04T22:04:52","guid":{"rendered":"http:\/\/shalouka.com\/produit\/sublimation-014\/"},"modified":"2015-09-14T10:10:49","modified_gmt":"2015-09-14T15:10:49","slug":"sublimation-017","status":"publish","type":"product","link":"https:\/\/shalouka.com\/fr\/produit\/sublimation-017\/","title":{"rendered":"Sublimation 017"},"content":{"rendered":"<p>Visuel g\u00e9n\u00e9rique pour un polo d&#8217;\u00e9quipe sportive (mod\u00e8le sublimation-017)<\/p>","protected":false},"excerpt":{"rendered":"<p>Visuel g\u00e9n\u00e9rique pour un polo d&#8217;\u00e9quipe sportive (mod\u00e8le sublimation-017)<\/p>\n","protected":false},"featured_media":4986,"template":"","meta":[],"class_list":{"0":"post-4975","1":"product","2":"type-product","3":"status-publish","4":"has-post-thumbnail","6":"product_cat-sublimation","7":"product_cat-sport","8":"product_cat-equipe","10":"first","11":"instock","12":"shipping-taxable","13":"product-type-simple"},"aioseo_notices":[],"_links":{"self":[{"href":"https:\/\/shalouka.com\/fr\/wp-json\/wp\/v2\/product\/4975","targetHints":{"allow":["GET"]}}],"collection":[{"href":"https:\/\/shalouka.com\/fr\/wp-json\/wp\/v2\/product"}],"about":[{"href":"https:\/\/shalouka.com\/fr\/wp-json\/wp\/v2\/types\/product"}],"wp:featuredmedia":[{"embeddable":true,"href":"https:\/\/shalouka.com\/fr\/wp-json\/wp\/v2\/media\/4986"}],"wp:attachment":[{"href":"https:\/\/shalouka.com\/fr\/wp-json\/wp\/v2\/media?parent=4975"}],"curies":[{"name":"wp","href":"https:\/\/api.w.org\/{rel}","templated":true}]}}