{"id":4962,"date":"2015-08-04T16:55:45","date_gmt":"2015-08-04T21:55:45","guid":{"rendered":"http:\/\/shalouka.com\/produit\/sublimation-010\/"},"modified":"2015-09-14T10:12:23","modified_gmt":"2015-09-14T15:12:23","slug":"sublimation-012","status":"publish","type":"product","link":"https:\/\/shalouka.com\/fr\/produit\/sublimation-012\/","title":{"rendered":"Sublimation 012"},"content":{"rendered":"<p>Visuel g\u00e9n\u00e9rique pour un polo d&#8217;\u00e9quipe sportive (mod\u00e8le sublimation-012)<\/p>","protected":false},"excerpt":{"rendered":"<p>Visuel g\u00e9n\u00e9rique pour un polo d&#8217;\u00e9quipe sportive (mod\u00e8le sublimation-012)<\/p>\n","protected":false},"featured_media":4967,"template":"","meta":[],"class_list":{"0":"post-4962","1":"product","2":"type-product","3":"status-publish","4":"has-post-thumbnail","6":"product_cat-sublimation","7":"product_cat-sport","8":"product_cat-equipe","10":"first","11":"instock","12":"shipping-taxable","13":"product-type-simple"},"aioseo_notices":[],"_links":{"self":[{"href":"https:\/\/shalouka.com\/fr\/wp-json\/wp\/v2\/product\/4962","targetHints":{"allow":["GET"]}}],"collection":[{"href":"https:\/\/shalouka.com\/fr\/wp-json\/wp\/v2\/product"}],"about":[{"href":"https:\/\/shalouka.com\/fr\/wp-json\/wp\/v2\/types\/product"}],"wp:featuredmedia":[{"embeddable":true,"href":"https:\/\/shalouka.com\/fr\/wp-json\/wp\/v2\/media\/4967"}],"wp:attachment":[{"href":"https:\/\/shalouka.com\/fr\/wp-json\/wp\/v2\/media?parent=4962"}],"curies":[{"name":"wp","href":"https:\/\/api.w.org\/{rel}","templated":true}]}}