{"id":4944,"date":"2015-08-04T16:22:40","date_gmt":"2015-08-04T21:22:40","guid":{"rendered":"http:\/\/shalouka.com\/produit\/sublimation-001\/"},"modified":"2015-09-14T10:13:36","modified_gmt":"2015-09-14T15:13:36","slug":"sublimation-001-copier-3","status":"publish","type":"product","link":"https:\/\/shalouka.com\/fr\/produit\/sublimation-009\/","title":{"rendered":"Sublimation 009"},"content":{"rendered":"<p>Visuel g\u00e9n\u00e9rique pour chandail d&#8217;\u00e9quipe sportive\u00a0(mod\u00e8le sublimation-009)<\/p>","protected":false},"excerpt":{"rendered":"<p>Visuel g\u00e9n\u00e9rique pour chandail d&#8217;\u00e9quipe sportive\u00a0(mod\u00e8le sublimation-009)<\/p>\n","protected":false},"featured_media":4956,"template":"","meta":[],"class_list":{"0":"post-4944","1":"product","2":"type-product","3":"status-publish","4":"has-post-thumbnail","6":"product_cat-sublimation","7":"product_cat-sport","8":"product_cat-equipe","10":"first","11":"instock","12":"shipping-taxable","13":"product-type-simple"},"aioseo_notices":[],"_links":{"self":[{"href":"https:\/\/shalouka.com\/fr\/wp-json\/wp\/v2\/product\/4944","targetHints":{"allow":["GET"]}}],"collection":[{"href":"https:\/\/shalouka.com\/fr\/wp-json\/wp\/v2\/product"}],"about":[{"href":"https:\/\/shalouka.com\/fr\/wp-json\/wp\/v2\/types\/product"}],"wp:featuredmedia":[{"embeddable":true,"href":"https:\/\/shalouka.com\/fr\/wp-json\/wp\/v2\/media\/4956"}],"wp:attachment":[{"href":"https:\/\/shalouka.com\/fr\/wp-json\/wp\/v2\/media?parent=4944"}],"curies":[{"name":"wp","href":"https:\/\/api.w.org\/{rel}","templated":true}]}}