{"id":4930,"date":"2015-08-04T16:08:58","date_gmt":"2015-08-04T21:08:58","guid":{"rendered":"http:\/\/shalouka.com\/produit\/sublimation-001\/"},"modified":"2015-09-14T10:14:22","modified_gmt":"2015-09-14T15:14:22","slug":"sublimation-004","status":"publish","type":"product","link":"https:\/\/shalouka.com\/fr\/produit\/sublimation-004\/","title":{"rendered":"Sublimation 004"},"content":{"rendered":"<p>Visuel g\u00e9n\u00e9rique pour chandail et short de basketball (mod\u00e8le sublimation-004)<\/p>","protected":false},"excerpt":{"rendered":"<p>Visuel g\u00e9n\u00e9rique pour chandail et short de basketball (mod\u00e8le sublimation-004)<\/p>\n","protected":false},"featured_media":4937,"template":"","meta":[],"class_list":{"0":"post-4930","1":"product","2":"type-product","3":"status-publish","4":"has-post-thumbnail","6":"product_cat-sublimation","7":"product_cat-sport","8":"product_cat-basketball","10":"first","11":"instock","12":"shipping-taxable","13":"product-type-simple"},"aioseo_notices":[],"_links":{"self":[{"href":"https:\/\/shalouka.com\/fr\/wp-json\/wp\/v2\/product\/4930","targetHints":{"allow":["GET"]}}],"collection":[{"href":"https:\/\/shalouka.com\/fr\/wp-json\/wp\/v2\/product"}],"about":[{"href":"https:\/\/shalouka.com\/fr\/wp-json\/wp\/v2\/types\/product"}],"wp:featuredmedia":[{"embeddable":true,"href":"https:\/\/shalouka.com\/fr\/wp-json\/wp\/v2\/media\/4937"}],"wp:attachment":[{"href":"https:\/\/shalouka.com\/fr\/wp-json\/wp\/v2\/media?parent=4930"}],"curies":[{"name":"wp","href":"https:\/\/api.w.org\/{rel}","templated":true}]}}