{"id":4928,"date":"2015-08-04T16:08:43","date_gmt":"2015-08-04T21:08:43","guid":{"rendered":"http:\/\/shalouka.com\/produit\/sublimation-001\/"},"modified":"2015-09-14T10:14:54","modified_gmt":"2015-09-14T15:14:54","slug":"sublimation-002","status":"publish","type":"product","link":"https:\/\/shalouka.com\/fr\/produit\/sublimation-002\/","title":{"rendered":"Sublimation 002"},"content":{"rendered":"<p>Visuel g\u00e9n\u00e9rique pour chandail et short sportif avec num\u00e9ro sur les \u00e9paules et nom dans le dos (mod\u00e8le sublimation-002)<\/p>","protected":false},"excerpt":{"rendered":"<p>Visuel g\u00e9n\u00e9rique pour chandail et short sportif avec num\u00e9ro sur les \u00e9paules et nom dans le dos (mod\u00e8le sublimation-002)<\/p>\n","protected":false},"featured_media":4932,"template":"","meta":[],"class_list":{"0":"post-4928","1":"product","2":"type-product","3":"status-publish","4":"has-post-thumbnail","6":"product_cat-sublimation","7":"product_cat-sport","9":"first","10":"instock","11":"shipping-taxable","12":"product-type-simple"},"aioseo_notices":[],"_links":{"self":[{"href":"https:\/\/shalouka.com\/fr\/wp-json\/wp\/v2\/product\/4928","targetHints":{"allow":["GET"]}}],"collection":[{"href":"https:\/\/shalouka.com\/fr\/wp-json\/wp\/v2\/product"}],"about":[{"href":"https:\/\/shalouka.com\/fr\/wp-json\/wp\/v2\/types\/product"}],"wp:featuredmedia":[{"embeddable":true,"href":"https:\/\/shalouka.com\/fr\/wp-json\/wp\/v2\/media\/4932"}],"wp:attachment":[{"href":"https:\/\/shalouka.com\/fr\/wp-json\/wp\/v2\/media?parent=4928"}],"curies":[{"name":"wp","href":"https:\/\/api.w.org\/{rel}","templated":true}]}}