{"id":4924,"date":"2015-08-04T16:06:19","date_gmt":"2015-08-04T21:06:19","guid":{"rendered":"http:\/\/shalouka.com\/?post_type=product&#038;p=4924"},"modified":"2015-09-14T10:15:12","modified_gmt":"2015-09-14T15:15:12","slug":"sublimation-001","status":"publish","type":"product","link":"https:\/\/shalouka.com\/fr\/produit\/sublimation-001\/","title":{"rendered":"Sublimation 001"},"content":{"rendered":"<p>Visuel g\u00e9n\u00e9rique pour chandail et short sportif (mod\u00e8le sublimation-001)<\/p>","protected":false},"excerpt":{"rendered":"<p>Visuel g\u00e9n\u00e9rique pour chandail et short sportif (mod\u00e8le sublimation-001)<\/p>\n","protected":false},"featured_media":4925,"template":"","meta":[],"class_list":{"0":"post-4924","1":"product","2":"type-product","3":"status-publish","4":"has-post-thumbnail","6":"product_cat-sublimation","7":"product_cat-sport","9":"first","10":"instock","11":"shipping-taxable","12":"product-type-simple"},"aioseo_notices":[],"_links":{"self":[{"href":"https:\/\/shalouka.com\/fr\/wp-json\/wp\/v2\/product\/4924","targetHints":{"allow":["GET"]}}],"collection":[{"href":"https:\/\/shalouka.com\/fr\/wp-json\/wp\/v2\/product"}],"about":[{"href":"https:\/\/shalouka.com\/fr\/wp-json\/wp\/v2\/types\/product"}],"wp:featuredmedia":[{"embeddable":true,"href":"https:\/\/shalouka.com\/fr\/wp-json\/wp\/v2\/media\/4925"}],"wp:attachment":[{"href":"https:\/\/shalouka.com\/fr\/wp-json\/wp\/v2\/media?parent=4924"}],"curies":[{"name":"wp","href":"https:\/\/api.w.org\/{rel}","templated":true}]}}