{"id":4914,"date":"2015-08-04T13:27:39","date_gmt":"2015-08-04T18:27:39","guid":{"rendered":"http:\/\/shalouka.com\/produit\/finissant-112\/"},"modified":"2015-08-04T13:47:20","modified_gmt":"2015-08-04T18:47:20","slug":"finissant-120","status":"publish","type":"product","link":"https:\/\/shalouka.com\/fr\/produit\/finissant-120\/","title":{"rendered":"Finissant 120"},"content":{"rendered":"<p>Chandail de finissant de l&#8217;\u00e9cole secondaire Westwood, double appliqu\u00e9 de feutre avec s\u00e9rigraphie en arri\u00e8re-plan 12 3\/4&#8243; pour le devant et s\u00e9rigraphie 12&#8243; pour le dos (mod\u00e8le 120)<\/p>","protected":false},"excerpt":{"rendered":"<p>Chandail de finissant de l&#8217;\u00e9cole secondaire Westwood, double appliqu\u00e9 de feutre avec s\u00e9rigraphie en arri\u00e8re-plan 12 3\/4&#8243; pour le devant et s\u00e9rigraphie 12&#8243; pour le dos (mod\u00e8le 120)<\/p>\n","protected":false},"featured_media":4915,"template":"","meta":[],"class_list":{"0":"post-4914","1":"product","2":"type-product","3":"status-publish","4":"has-post-thumbnail","6":"product_cat-appliques","7":"product_cat-finissant","8":"product_cat-combo","9":"product_cat-design-decole","11":"first","12":"instock","13":"shipping-taxable","14":"product-type-simple"},"aioseo_notices":[],"_links":{"self":[{"href":"https:\/\/shalouka.com\/fr\/wp-json\/wp\/v2\/product\/4914","targetHints":{"allow":["GET"]}}],"collection":[{"href":"https:\/\/shalouka.com\/fr\/wp-json\/wp\/v2\/product"}],"about":[{"href":"https:\/\/shalouka.com\/fr\/wp-json\/wp\/v2\/types\/product"}],"wp:featuredmedia":[{"embeddable":true,"href":"https:\/\/shalouka.com\/fr\/wp-json\/wp\/v2\/media\/4915"}],"wp:attachment":[{"href":"https:\/\/shalouka.com\/fr\/wp-json\/wp\/v2\/media?parent=4914"}],"curies":[{"name":"wp","href":"https:\/\/api.w.org\/{rel}","templated":true}]}}