{"id":4906,"date":"2015-08-04T13:06:21","date_gmt":"2015-08-04T18:06:21","guid":{"rendered":"http:\/\/shalouka.com\/produit\/finissant-114\/"},"modified":"2015-08-04T13:47:49","modified_gmt":"2015-08-04T18:47:49","slug":"finissant-117","status":"publish","type":"product","link":"https:\/\/shalouka.com\/fr\/produit\/finissant-117\/","title":{"rendered":"Finissant 117"},"content":{"rendered":"<p>Chandail de finissant du S\u00e9minaire de Sherbrooke, appliqu\u00e9 double feutre noir et \u00e9cru avec broderie et s\u00e9rigraphie vintage en arri\u00e8re-plan 12&#8243; pour le devant et s\u00e9rigraphie 10,5&#8243; pour le dos (mod\u00e8le 117)<\/p>","protected":false},"excerpt":{"rendered":"<p>Chandail de finissant du S\u00e9minaire de Sherbrooke, appliqu\u00e9 double feutre noir et \u00e9cru avec broderie et s\u00e9rigraphie vintage en arri\u00e8re-plan 12&#8243; pour le devant et s\u00e9rigraphie 10,5&#8243; pour le dos (mod\u00e8le 117)<\/p>\n","protected":false},"featured_media":4910,"template":"","meta":[],"class_list":{"0":"post-4906","1":"product","2":"type-product","3":"status-publish","4":"has-post-thumbnail","6":"product_cat-appliques","7":"product_cat-finissant","8":"product_cat-combo","9":"product_cat-style-baseball","10":"product_cat-design-decole","12":"first","13":"instock","14":"shipping-taxable","15":"product-type-simple"},"aioseo_notices":[],"_links":{"self":[{"href":"https:\/\/shalouka.com\/fr\/wp-json\/wp\/v2\/product\/4906","targetHints":{"allow":["GET"]}}],"collection":[{"href":"https:\/\/shalouka.com\/fr\/wp-json\/wp\/v2\/product"}],"about":[{"href":"https:\/\/shalouka.com\/fr\/wp-json\/wp\/v2\/types\/product"}],"wp:featuredmedia":[{"embeddable":true,"href":"https:\/\/shalouka.com\/fr\/wp-json\/wp\/v2\/media\/4910"}],"wp:attachment":[{"href":"https:\/\/shalouka.com\/fr\/wp-json\/wp\/v2\/media?parent=4906"}],"curies":[{"name":"wp","href":"https:\/\/api.w.org\/{rel}","templated":true}]}}