{"id":4905,"date":"2015-08-04T13:06:09","date_gmt":"2015-08-04T18:06:09","guid":{"rendered":"http:\/\/shalouka.com\/produit\/finissant-114\/"},"modified":"2015-08-04T13:48:16","modified_gmt":"2015-08-04T18:48:16","slug":"finissant-118","status":"publish","type":"product","link":"https:\/\/shalouka.com\/fr\/produit\/finissant-118\/","title":{"rendered":"Finissant 118"},"content":{"rendered":"<p>Chandail de finissant du S\u00e9minaire Sacr\u00e9-Coeur, appliqu\u00e9 feutre souple 12&#8243; pour le devant et s\u00e9rigraphie 9,5&#8243; pour le dos (mod\u00e8le 118)<\/p>","protected":false},"excerpt":{"rendered":"<p>Chandail de finissant du S\u00e9minaire Sacr\u00e9-Coeur, appliqu\u00e9 feutre souple 12&#8243; pour le devant et s\u00e9rigraphie 9,5&#8243; pour le dos (mod\u00e8le 118)<\/p>\n","protected":false},"featured_media":4911,"template":"","meta":[],"class_list":{"0":"post-4905","1":"product","2":"type-product","3":"status-publish","4":"has-post-thumbnail","6":"product_cat-appliques","7":"product_cat-finissant","8":"product_cat-combo","9":"product_cat-design-decole","11":"first","12":"instock","13":"shipping-taxable","14":"product-type-simple"},"aioseo_notices":[],"_links":{"self":[{"href":"https:\/\/shalouka.com\/fr\/wp-json\/wp\/v2\/product\/4905","targetHints":{"allow":["GET"]}}],"collection":[{"href":"https:\/\/shalouka.com\/fr\/wp-json\/wp\/v2\/product"}],"about":[{"href":"https:\/\/shalouka.com\/fr\/wp-json\/wp\/v2\/types\/product"}],"wp:featuredmedia":[{"embeddable":true,"href":"https:\/\/shalouka.com\/fr\/wp-json\/wp\/v2\/media\/4911"}],"wp:attachment":[{"href":"https:\/\/shalouka.com\/fr\/wp-json\/wp\/v2\/media?parent=4905"}],"curies":[{"name":"wp","href":"https:\/\/api.w.org\/{rel}","templated":true}]}}