{"id":4896,"date":"2015-08-04T12:41:45","date_gmt":"2015-08-04T17:41:45","guid":{"rendered":"http:\/\/shalouka.com\/produit\/finissant-109\/"},"modified":"2015-08-04T12:51:19","modified_gmt":"2015-08-04T17:51:19","slug":"finissant-111","status":"publish","type":"product","link":"https:\/\/shalouka.com\/fr\/produit\/finissant-111\/","title":{"rendered":"Finissant 111"},"content":{"rendered":"<p>Chandail de finissant de l&#8217;\u00e9cole secondaire Mont-Bleu, s\u00e9rigraphie 10&#8243; pour le devant et 12,5&#8243; pour le dos (mod\u00e8le 111)<\/p>","protected":false},"excerpt":{"rendered":"<p>Chandail de finissant de l&#8217;\u00e9cole secondaire Mont-Bleu, s\u00e9rigraphie 10&#8243; pour le devant et 12,5&#8243; pour le dos (mod\u00e8le 111)<\/p>\n","protected":false},"featured_media":4899,"template":"","meta":[],"class_list":{"0":"post-4896","1":"product","2":"type-product","3":"status-publish","4":"has-post-thumbnail","6":"product_cat-finissant","7":"product_cat-combo","8":"product_cat-design-decole","10":"first","11":"instock","12":"shipping-taxable","13":"product-type-simple"},"aioseo_notices":[],"_links":{"self":[{"href":"https:\/\/shalouka.com\/fr\/wp-json\/wp\/v2\/product\/4896","targetHints":{"allow":["GET"]}}],"collection":[{"href":"https:\/\/shalouka.com\/fr\/wp-json\/wp\/v2\/product"}],"about":[{"href":"https:\/\/shalouka.com\/fr\/wp-json\/wp\/v2\/types\/product"}],"wp:featuredmedia":[{"embeddable":true,"href":"https:\/\/shalouka.com\/fr\/wp-json\/wp\/v2\/media\/4899"}],"wp:attachment":[{"href":"https:\/\/shalouka.com\/fr\/wp-json\/wp\/v2\/media?parent=4896"}],"curies":[{"name":"wp","href":"https:\/\/api.w.org\/{rel}","templated":true}]}}