{"id":4893,"date":"2015-08-04T12:41:23","date_gmt":"2015-08-04T17:41:23","guid":{"rendered":"http:\/\/shalouka.com\/produit\/finissant-109\/"},"modified":"2015-08-04T13:50:00","modified_gmt":"2015-08-04T18:50:00","slug":"finissant-115","status":"publish","type":"product","link":"https:\/\/shalouka.com\/fr\/produit\/finissant-115\/","title":{"rendered":"Finissant 115"},"content":{"rendered":"<p>Chandail de finissant du coll\u00e8ge Sacr\u00e9 Coeur de Montr\u00e9al, appliqu\u00e9 feutre blanc, fil blanc et marine 12&#8243; pour le devant et impression 11,25&#8243; pour le dos (mod\u00e8le 115)<\/p>","protected":false},"excerpt":{"rendered":"<p>Chandail de finissant du coll\u00e8ge Sacr\u00e9 Coeur de Montr\u00e9al, appliqu\u00e9 feutre blanc, fil blanc et marine 12&#8243; pour le devant et impression 11,25&#8243; pour le dos (mod\u00e8le 115)<\/p>\n","protected":false},"featured_media":4908,"template":"","meta":[],"class_list":{"0":"post-4893","1":"product","2":"type-product","3":"status-publish","4":"has-post-thumbnail","6":"product_cat-appliques","7":"product_cat-finissant","8":"product_cat-combo","9":"product_cat-design-decole","11":"first","12":"instock","13":"shipping-taxable","14":"product-type-simple"},"aioseo_notices":[],"_links":{"self":[{"href":"https:\/\/shalouka.com\/fr\/wp-json\/wp\/v2\/product\/4893","targetHints":{"allow":["GET"]}}],"collection":[{"href":"https:\/\/shalouka.com\/fr\/wp-json\/wp\/v2\/product"}],"about":[{"href":"https:\/\/shalouka.com\/fr\/wp-json\/wp\/v2\/types\/product"}],"wp:featuredmedia":[{"embeddable":true,"href":"https:\/\/shalouka.com\/fr\/wp-json\/wp\/v2\/media\/4908"}],"wp:attachment":[{"href":"https:\/\/shalouka.com\/fr\/wp-json\/wp\/v2\/media?parent=4893"}],"curies":[{"name":"wp","href":"https:\/\/api.w.org\/{rel}","templated":true}]}}