{"id":4892,"date":"2015-08-04T12:41:18","date_gmt":"2015-08-04T17:41:18","guid":{"rendered":"http:\/\/shalouka.com\/produit\/finissant-109\/"},"modified":"2015-08-04T12:48:56","modified_gmt":"2015-08-04T17:48:56","slug":"finissant-110","status":"publish","type":"product","link":"https:\/\/shalouka.com\/fr\/produit\/finissant-110\/","title":{"rendered":"Finissant 110"},"content":{"rendered":"<p>Chandail de finissant de l&#8217;\u00e9cole secondaire MacDonald, s\u00e9rigraphie 12&#8243; (mod\u00e8le 110)<\/p>","protected":false},"excerpt":{"rendered":"<p>Chandail de finissant de l&#8217;\u00e9cole secondaire MacDonald, s\u00e9rigraphie 12&#8243; (mod\u00e8le 110)<\/p>\n","protected":false},"featured_media":4898,"template":"","meta":[],"class_list":{"0":"post-4892","1":"product","2":"type-product","3":"status-publish","4":"has-post-thumbnail","6":"product_cat-finissant","7":"product_cat-design-decole","9":"first","10":"instock","11":"shipping-taxable","12":"product-type-simple"},"aioseo_notices":[],"_links":{"self":[{"href":"https:\/\/shalouka.com\/fr\/wp-json\/wp\/v2\/product\/4892","targetHints":{"allow":["GET"]}}],"collection":[{"href":"https:\/\/shalouka.com\/fr\/wp-json\/wp\/v2\/product"}],"about":[{"href":"https:\/\/shalouka.com\/fr\/wp-json\/wp\/v2\/types\/product"}],"wp:featuredmedia":[{"embeddable":true,"href":"https:\/\/shalouka.com\/fr\/wp-json\/wp\/v2\/media\/4898"}],"wp:attachment":[{"href":"https:\/\/shalouka.com\/fr\/wp-json\/wp\/v2\/media?parent=4892"}],"curies":[{"name":"wp","href":"https:\/\/api.w.org\/{rel}","templated":true}]}}