{"id":4871,"date":"2015-08-03T14:01:31","date_gmt":"2015-08-03T19:01:31","guid":{"rendered":"http:\/\/shalouka.com\/produit\/finissant-108\/"},"modified":"2015-08-04T13:50:36","modified_gmt":"2015-08-04T18:50:36","slug":"finissant-108","status":"publish","type":"product","link":"https:\/\/shalouka.com\/fr\/produit\/finissant-108\/","title":{"rendered":"Finissant 108"},"content":{"rendered":"<p>Chandail de finissant du coll\u00e8ge l&#8217;Escale, appliqu\u00e9 feutre avec s\u00e9rigraphie vintage en arri\u00e8re-plan 12&#8243; pour le devant et s\u00e9rigraphie vintage 10,5&#8243; pour le dos (mod\u00e8le 108)<\/p>","protected":false},"excerpt":{"rendered":"<p>Chandail de finissant du coll\u00e8ge l&#8217;Escale, appliqu\u00e9 feutre avec s\u00e9rigraphie vintage en arri\u00e8re-plan 12&#8243; pour le devant et s\u00e9rigraphie vintage 10,5&#8243; pour le dos (mod\u00e8le 108)<\/p>\n","protected":false},"featured_media":4889,"template":"","meta":[],"class_list":{"0":"post-4871","1":"product","2":"type-product","3":"status-publish","4":"has-post-thumbnail","6":"product_cat-appliques","7":"product_cat-finissant","8":"product_cat-combo","9":"product_cat-design-decole","11":"first","12":"instock","13":"shipping-taxable","14":"product-type-simple"},"aioseo_notices":[],"_links":{"self":[{"href":"https:\/\/shalouka.com\/fr\/wp-json\/wp\/v2\/product\/4871","targetHints":{"allow":["GET"]}}],"collection":[{"href":"https:\/\/shalouka.com\/fr\/wp-json\/wp\/v2\/product"}],"about":[{"href":"https:\/\/shalouka.com\/fr\/wp-json\/wp\/v2\/types\/product"}],"wp:featuredmedia":[{"embeddable":true,"href":"https:\/\/shalouka.com\/fr\/wp-json\/wp\/v2\/media\/4889"}],"wp:attachment":[{"href":"https:\/\/shalouka.com\/fr\/wp-json\/wp\/v2\/media?parent=4871"}],"curies":[{"name":"wp","href":"https:\/\/api.w.org\/{rel}","templated":true}]}}