{"id":4868,"date":"2015-08-03T14:01:27","date_gmt":"2015-08-03T19:01:27","guid":{"rendered":"http:\/\/shalouka.com\/produit\/finissant-100\/"},"modified":"2015-08-04T13:52:03","modified_gmt":"2015-08-04T18:52:03","slug":"finissant-103","status":"publish","type":"product","link":"https:\/\/shalouka.com\/fr\/produit\/finissant-103\/","title":{"rendered":"Finissant 103"},"content":{"rendered":"<p>Chandail de finissant de l&#8217;\u00e9cole secondaire John Rennie, s\u00e9rigraphie ou appliqu\u00e9 jersey noir chin\u00e9 10&#8243; devant et s\u00e9rigraphie 10&#8243;pour le dos (mod\u00e8le 103)<\/p>","protected":false},"excerpt":{"rendered":"<p>Chandail de finissant de l&#8217;\u00e9cole secondaire John Rennie, s\u00e9rigraphie ou appliqu\u00e9 jersey noir chin\u00e9 10&#8243; devant et s\u00e9rigraphie 10&#8243;pour le dos (mod\u00e8le 103)<\/p>\n","protected":false},"featured_media":4879,"template":"","meta":[],"class_list":{"0":"post-4868","1":"product","2":"type-product","3":"status-publish","4":"has-post-thumbnail","6":"product_cat-appliques","7":"product_cat-finissant","8":"product_cat-combo","9":"product_cat-design-decole","11":"first","12":"instock","13":"shipping-taxable","14":"product-type-simple"},"aioseo_notices":[],"_links":{"self":[{"href":"https:\/\/shalouka.com\/fr\/wp-json\/wp\/v2\/product\/4868","targetHints":{"allow":["GET"]}}],"collection":[{"href":"https:\/\/shalouka.com\/fr\/wp-json\/wp\/v2\/product"}],"about":[{"href":"https:\/\/shalouka.com\/fr\/wp-json\/wp\/v2\/types\/product"}],"wp:featuredmedia":[{"embeddable":true,"href":"https:\/\/shalouka.com\/fr\/wp-json\/wp\/v2\/media\/4879"}],"wp:attachment":[{"href":"https:\/\/shalouka.com\/fr\/wp-json\/wp\/v2\/media?parent=4868"}],"curies":[{"name":"wp","href":"https:\/\/api.w.org\/{rel}","templated":true}]}}