{"id":4866,"date":"2015-08-03T14:01:24","date_gmt":"2015-08-03T19:01:24","guid":{"rendered":"http:\/\/shalouka.com\/produit\/finissant-100\/"},"modified":"2015-08-04T13:52:43","modified_gmt":"2015-08-04T18:52:43","slug":"finissant-102","status":"publish","type":"product","link":"https:\/\/shalouka.com\/fr\/produit\/finissant-102\/","title":{"rendered":"Finissant 102"},"content":{"rendered":"<p>Chandail de finissant du coll\u00e8ge JHL, appliqu\u00e9 feutre souple 10,5&#8243; pour le devant, s\u00e9rigraphie 12,5&#8243; de hauteur pour la manche gauche et s\u00e9rigraphie de 5&#8243; de largeur pour le bas du dos (mod\u00e8le 102)<\/p>","protected":false},"excerpt":{"rendered":"<p>Chandail de finissant du coll\u00e8ge JHL, appliqu\u00e9 feutre souple 10,5&#8243; pour le devant, s\u00e9rigraphie 12,5&#8243; de hauteur pour la manche gauche et s\u00e9rigraphie de 5&#8243; de largeur pour le bas du dos (mod\u00e8le 102)<\/p>\n","protected":false},"featured_media":4877,"template":"","meta":[],"class_list":{"0":"post-4866","1":"product","2":"type-product","3":"status-publish","4":"has-post-thumbnail","6":"product_cat-appliques","7":"product_cat-finissant","8":"product_cat-combo","9":"product_cat-design-decole","11":"first","12":"instock","13":"shipping-taxable","14":"product-type-simple"},"aioseo_notices":[],"_links":{"self":[{"href":"https:\/\/shalouka.com\/fr\/wp-json\/wp\/v2\/product\/4866","targetHints":{"allow":["GET"]}}],"collection":[{"href":"https:\/\/shalouka.com\/fr\/wp-json\/wp\/v2\/product"}],"about":[{"href":"https:\/\/shalouka.com\/fr\/wp-json\/wp\/v2\/types\/product"}],"wp:featuredmedia":[{"embeddable":true,"href":"https:\/\/shalouka.com\/fr\/wp-json\/wp\/v2\/media\/4877"}],"wp:attachment":[{"href":"https:\/\/shalouka.com\/fr\/wp-json\/wp\/v2\/media?parent=4866"}],"curies":[{"name":"wp","href":"https:\/\/api.w.org\/{rel}","templated":true}]}}