{"id":4864,"date":"2015-08-03T14:01:04","date_gmt":"2015-08-03T19:01:04","guid":{"rendered":"http:\/\/shalouka.com\/produit\/finissant-100\/"},"modified":"2015-08-03T15:00:04","modified_gmt":"2015-08-03T20:00:04","slug":"finissant-101","status":"publish","type":"product","link":"https:\/\/shalouka.com\/fr\/produit\/finissant-101\/","title":{"rendered":"Finissant 101"},"content":{"rendered":"<p>Chandail de finissant de la concentration musique de l&#8217;\u00e9cole secondaire Grande-Rivi\u00e8re, 4&#8243; pour le devant plac\u00e9 devant c\u00f4t\u00e9 coeur et 4&#8243; pour le dos (mod\u00e8le 101)<\/p>","protected":false},"excerpt":{"rendered":"<p>Chandail de finissant de la concentration musique de l&#8217;\u00e9cole secondaire Grande-Rivi\u00e8re, 4&#8243; pour le devant plac\u00e9 devant c\u00f4t\u00e9 coeur et 4&#8243; pour le dos (mod\u00e8le 101)<\/p>\n","protected":false},"featured_media":4873,"template":"","meta":[],"class_list":{"0":"post-4864","1":"product","2":"type-product","3":"status-publish","4":"has-post-thumbnail","6":"product_cat-finissant","7":"product_cat-combo","8":"product_cat-design-decole","10":"first","11":"instock","12":"shipping-taxable","13":"product-type-simple"},"aioseo_notices":[],"_links":{"self":[{"href":"https:\/\/shalouka.com\/fr\/wp-json\/wp\/v2\/product\/4864","targetHints":{"allow":["GET"]}}],"collection":[{"href":"https:\/\/shalouka.com\/fr\/wp-json\/wp\/v2\/product"}],"about":[{"href":"https:\/\/shalouka.com\/fr\/wp-json\/wp\/v2\/types\/product"}],"wp:featuredmedia":[{"embeddable":true,"href":"https:\/\/shalouka.com\/fr\/wp-json\/wp\/v2\/media\/4873"}],"wp:attachment":[{"href":"https:\/\/shalouka.com\/fr\/wp-json\/wp\/v2\/media?parent=4864"}],"curies":[{"name":"wp","href":"https:\/\/api.w.org\/{rel}","templated":true}]}}