{"id":4822,"date":"2015-08-03T12:12:03","date_gmt":"2015-08-03T17:12:03","guid":{"rendered":"http:\/\/shalouka.com\/produit\/finissant-095\/"},"modified":"2015-08-04T13:44:17","modified_gmt":"2015-08-04T18:44:17","slug":"finissant-095","status":"publish","type":"product","link":"https:\/\/shalouka.com\/fr\/produit\/finissant-095\/","title":{"rendered":"Finissant 095"},"content":{"rendered":"<p>Chandail de finissant du coll\u00e8ge St-Louis, double appliqu\u00e9 de twill avec broderie 12&#8243; pour le devant et s\u00e9rigraphie de 10&#8243; pour le dos (mod\u00e8le 095)<\/p>","protected":false},"excerpt":{"rendered":"<p>Chandail de finissant du coll\u00e8ge St-Louis, double appliqu\u00e9 de twill avec broderie 12&#8243; pour le devant et s\u00e9rigraphie de 10&#8243; pour le dos (mod\u00e8le 095)<\/p>\n","protected":false},"featured_media":4847,"template":"","meta":[],"class_list":{"0":"post-4822","1":"product","2":"type-product","3":"status-publish","4":"has-post-thumbnail","6":"product_cat-appliques","7":"product_cat-finissant","8":"product_cat-combo","9":"product_cat-design-decole","11":"first","12":"instock","13":"shipping-taxable","14":"product-type-simple"},"aioseo_notices":[],"_links":{"self":[{"href":"https:\/\/shalouka.com\/fr\/wp-json\/wp\/v2\/product\/4822","targetHints":{"allow":["GET"]}}],"collection":[{"href":"https:\/\/shalouka.com\/fr\/wp-json\/wp\/v2\/product"}],"about":[{"href":"https:\/\/shalouka.com\/fr\/wp-json\/wp\/v2\/types\/product"}],"wp:featuredmedia":[{"embeddable":true,"href":"https:\/\/shalouka.com\/fr\/wp-json\/wp\/v2\/media\/4847"}],"wp:attachment":[{"href":"https:\/\/shalouka.com\/fr\/wp-json\/wp\/v2\/media?parent=4822"}],"curies":[{"name":"wp","href":"https:\/\/api.w.org\/{rel}","templated":true}]}}