{"id":4821,"date":"2015-08-03T12:11:55","date_gmt":"2015-08-03T17:11:55","guid":{"rendered":"http:\/\/shalouka.com\/produit\/finissant-092\/"},"modified":"2015-08-03T12:40:37","modified_gmt":"2015-08-03T17:40:37","slug":"finissant-092","status":"publish","type":"product","link":"https:\/\/shalouka.com\/fr\/produit\/finissant-092\/","title":{"rendered":"Finissant 092"},"content":{"rendered":"<p>Chandail de finissant du coll\u00e8ge Sacr\u00e9 Coeur, appliqu\u00e9 vintage us\u00e9 avec broderie de 9&#8243; pour le devant et s\u00e9rigraphie de 10&#8243; pour le dos (mod\u00e8le 092)<\/p>\n","protected":false},"excerpt":{"rendered":"<p>Chandail de finissant du coll\u00e8ge Sacr\u00e9 Coeur, appliqu\u00e9 vintage us\u00e9 avec broderie de 9&#8243; pour le devant et s\u00e9rigraphie de 10&#8243; pour le dos (mod\u00e8le 092)<\/p>\n","protected":false},"featured_media":4838,"template":"","meta":[],"class_list":{"0":"post-4821","1":"product","2":"type-product","3":"status-publish","4":"has-post-thumbnail","6":"product_cat-finissant","7":"product_cat-combo","8":"product_cat-design-decole","10":"first","11":"instock","12":"shipping-taxable","13":"product-type-simple"},"aioseo_notices":[],"_links":{"self":[{"href":"https:\/\/shalouka.com\/fr\/wp-json\/wp\/v2\/product\/4821","targetHints":{"allow":["GET"]}}],"collection":[{"href":"https:\/\/shalouka.com\/fr\/wp-json\/wp\/v2\/product"}],"about":[{"href":"https:\/\/shalouka.com\/fr\/wp-json\/wp\/v2\/types\/product"}],"wp:featuredmedia":[{"embeddable":true,"href":"https:\/\/shalouka.com\/fr\/wp-json\/wp\/v2\/media\/4838"}],"wp:attachment":[{"href":"https:\/\/shalouka.com\/fr\/wp-json\/wp\/v2\/media?parent=4821"}],"curies":[{"name":"wp","href":"https:\/\/api.w.org\/{rel}","templated":true}]}}