{"id":4813,"date":"2015-05-25T09:14:41","date_gmt":"2015-05-25T14:14:41","guid":{"rendered":"http:\/\/shalouka.com\/produit\/vb0791-sac-sport\/"},"modified":"2015-05-25T09:48:39","modified_gmt":"2015-05-25T14:48:39","slug":"vb0791-sac-sport","status":"publish","type":"product","link":"https:\/\/shalouka.com\/fr\/produit\/vb0791-sac-sport\/","title":{"rendered":"VB0791 &#8211; Sac sport"},"content":{"rendered":"<p><span id=\"ctl00_m_g_27a8ba05_116b_47db_a09c_4da75153a324_ctl01_ItemDesc\"><span id=\"ctl00_m_g_27a8ba05_116b_47db_a09c_4da75153a324_ctl01_ItemDesc_LabelProductText\">600D polyester. Courroie d&#8217;\u00e9paule en nylon ajustable et petites courroies pour le transport. Compartiment central \u00e0 fermeture \u00e9clair. Pochettes avant \u00e0 fermeture \u00e9clair. 20 \u2019\u2019 x 10\u2019\u2019 x 9\u2019\u2019 \u2022 29,4L<\/span> <\/span><\/p>","protected":false},"excerpt":{"rendered":"<p>600D polyester. Courroie d&#8217;\u00e9paule en nylon ajustable et petites courroies pour le transport. Compartiment central \u00e0 fermeture \u00e9clair. Pochettes avant \u00e0 fermeture \u00e9clair. 20 \u2019\u2019 x 10\u2019\u2019 x 9\u2019\u2019 \u2022 29,4L<\/p>\n","protected":false},"featured_media":4818,"template":"","meta":[],"class_list":{"0":"post-4813","1":"product","2":"type-product","3":"status-publish","4":"has-post-thumbnail","6":"product_cat-sac","7":"pa_couleur-bleu-ocean","8":"pa_couleur-noir","9":"pa_couleur-rouge","11":"first","12":"instock","13":"shipping-taxable","14":"purchasable","15":"product-type-variable"},"aioseo_notices":[],"_links":{"self":[{"href":"https:\/\/shalouka.com\/fr\/wp-json\/wp\/v2\/product\/4813","targetHints":{"allow":["GET"]}}],"collection":[{"href":"https:\/\/shalouka.com\/fr\/wp-json\/wp\/v2\/product"}],"about":[{"href":"https:\/\/shalouka.com\/fr\/wp-json\/wp\/v2\/types\/product"}],"wp:featuredmedia":[{"embeddable":true,"href":"https:\/\/shalouka.com\/fr\/wp-json\/wp\/v2\/media\/4818"}],"wp:attachment":[{"href":"https:\/\/shalouka.com\/fr\/wp-json\/wp\/v2\/media?parent=4813"}],"curies":[{"name":"wp","href":"https:\/\/api.w.org\/{rel}","templated":true}]}}