{"id":4811,"date":"2015-05-25T09:14:32","date_gmt":"2015-05-25T14:14:32","guid":{"rendered":"http:\/\/shalouka.com\/produit\/vb0904-sac-a-epicerie\/"},"modified":"2015-05-25T09:48:09","modified_gmt":"2015-05-25T14:48:09","slug":"vb0904-sac-a-epicerie","status":"publish","type":"product","link":"https:\/\/shalouka.com\/fr\/produit\/vb0904-sac-a-epicerie\/","title":{"rendered":"VB0904 &#8211; Sac \u00e0 \u00e9picerie"},"content":{"rendered":"<p><span id=\"ctl00_m_g_27a8ba05_116b_47db_a09c_4da75153a324_ctl01_ItemDesc\"><span id=\"ctl00_m_g_27a8ba05_116b_47db_a09c_4da75153a324_ctl01_ItemDesc_LabelProductText\">100 GSM, polypropyl\u00e8ne non tiss\u00e9, \u00e9cologique, r\u00e9utilisable, recyclable. Courroies de 17\u2019\u2019. Hauteur de la courroie de 7\u2019\u2019. 12 1\/2\u2019\u2019 x 13\u00a0<\/span><\/span><span id=\"ctl00_m_g_27a8ba05_116b_47db_a09c_4da75153a324_ctl01_ItemDesc\"><span id=\"ctl00_m_g_27a8ba05_116b_47db_a09c_4da75153a324_ctl01_ItemDesc_LabelProductText\">3\/4 \u2019\u2019 x 8 1\/2\u2019\u2019 \u2022 23,9L<\/span> <\/span><\/p>","protected":false},"excerpt":{"rendered":"<p>100 GSM, polypropyl\u00e8ne non tiss\u00e9, \u00e9cologique, r\u00e9utilisable, recyclable. Courroies de 17\u2019\u2019. Hauteur de la courroie de 7\u2019\u2019. 12 1\/2\u2019\u2019 x 13\u00a03\/4 \u2019\u2019 x 8 1\/2\u2019\u2019 \u2022 23,9L<\/p>\n","protected":false},"featured_media":4817,"template":"","meta":[],"class_list":{"0":"post-4811","1":"product","2":"type-product","3":"status-publish","4":"has-post-thumbnail","6":"product_cat-sac","7":"pa_couleur-vert-foret","8":"pa_couleur-lime","9":"pa_couleur-marine","10":"pa_couleur-mauve","11":"pa_couleur-naturel","12":"pa_couleur-noir","13":"pa_couleur-orange","14":"pa_couleur-rose","15":"pa_couleur-rouge","16":"pa_couleur-royal","18":"first","19":"instock","20":"shipping-taxable","21":"purchasable","22":"product-type-variable"},"aioseo_notices":[],"_links":{"self":[{"href":"https:\/\/shalouka.com\/fr\/wp-json\/wp\/v2\/product\/4811","targetHints":{"allow":["GET"]}}],"collection":[{"href":"https:\/\/shalouka.com\/fr\/wp-json\/wp\/v2\/product"}],"about":[{"href":"https:\/\/shalouka.com\/fr\/wp-json\/wp\/v2\/types\/product"}],"wp:featuredmedia":[{"embeddable":true,"href":"https:\/\/shalouka.com\/fr\/wp-json\/wp\/v2\/media\/4817"}],"wp:attachment":[{"href":"https:\/\/shalouka.com\/fr\/wp-json\/wp\/v2\/media?parent=4811"}],"curies":[{"name":"wp","href":"https:\/\/api.w.org\/{rel}","templated":true}]}}