{"id":4809,"date":"2015-05-25T09:14:26","date_gmt":"2015-05-25T14:14:26","guid":{"rendered":"http:\/\/shalouka.com\/produit\/vb0900-fourre-tout\/"},"modified":"2015-05-25T09:47:22","modified_gmt":"2015-05-25T14:47:22","slug":"vb0900-fourre-tout","status":"publish","type":"product","link":"https:\/\/shalouka.com\/fr\/produit\/vb0900-fourre-tout\/","title":{"rendered":"VB0900 &#8211; Fourre-tout"},"content":{"rendered":"<p><span id=\"ctl00_m_g_27a8ba05_116b_47db_a09c_4da75153a324_ctl01_ItemDesc\"><span id=\"ctl00_m_g_27a8ba05_116b_47db_a09c_4da75153a324_ctl01_ItemDesc_LabelProductText\">80 GSM, polypropyl\u00e8ne non tiss\u00e9, \u00e9cologique, r\u00e9utilisable, recyclable. Courroies de 25\u2019\u2019. Hauteur de la courroie de 12\u2019\u2019. 15 1\/2\u2019\u2019 x 15 \u2019\u2019.<\/span> <\/span><\/p>","protected":false},"excerpt":{"rendered":"<p>80 GSM, polypropyl\u00e8ne non tiss\u00e9, \u00e9cologique, r\u00e9utilisable, recyclable. Courroies de 25\u2019\u2019. Hauteur de la courroie de 12\u2019\u2019. 15 1\/2\u2019\u2019 x 15 \u2019\u2019.<\/p>\n","protected":false},"featured_media":4816,"template":"","meta":[],"class_list":{"0":"post-4809","1":"product","2":"type-product","3":"status-publish","4":"has-post-thumbnail","6":"product_cat-sac","7":"pa_couleur-naturel","8":"pa_couleur-noir","9":"pa_couleur-rose","10":"pa_couleur-rouge","11":"pa_couleur-royal","12":"pa_couleur-vert-gazon","14":"first","15":"instock","16":"shipping-taxable","17":"purchasable","18":"product-type-variable"},"aioseo_notices":[],"_links":{"self":[{"href":"https:\/\/shalouka.com\/fr\/wp-json\/wp\/v2\/product\/4809","targetHints":{"allow":["GET"]}}],"collection":[{"href":"https:\/\/shalouka.com\/fr\/wp-json\/wp\/v2\/product"}],"about":[{"href":"https:\/\/shalouka.com\/fr\/wp-json\/wp\/v2\/types\/product"}],"wp:featuredmedia":[{"embeddable":true,"href":"https:\/\/shalouka.com\/fr\/wp-json\/wp\/v2\/media\/4816"}],"wp:attachment":[{"href":"https:\/\/shalouka.com\/fr\/wp-json\/wp\/v2\/media?parent=4809"}],"curies":[{"name":"wp","href":"https:\/\/api.w.org\/{rel}","templated":true}]}}