{"id":4795,"date":"2015-05-25T08:58:20","date_gmt":"2015-05-25T13:58:20","guid":{"rendered":"http:\/\/shalouka.com\/produit\/l07200-coquille-souple-a-glissiere-sur-toute-la-longueur\/"},"modified":"2015-05-25T09:00:25","modified_gmt":"2015-05-25T14:00:25","slug":"l07201-coquille-souple-a-glissiere-sur-toute-la-longueur","status":"publish","type":"product","link":"https:\/\/shalouka.com\/fr\/produit\/l07201-coquille-souple-a-glissiere-sur-toute-la-longueur\/","title":{"rendered":"L07201 &#8211; Coquille souple \u00e0 glissi\u00e8re sur toute la longueur"},"content":{"rendered":"<p>Coquille souple isol\u00e9e \u00e0 trois couches de molleton contrecoll\u00e9 96\/4 Polyester\/ Spandex. Tissu actif imperm\u00e9able, coupe-vent, perm\u00e9able \u00e0 l&#8217;air et extensible. Poignets \u00e0 velcro r\u00e9glables. Deux poches avant \u00e0 glissi\u00e8re. Style mixte.<\/p>","protected":false},"excerpt":{"rendered":"<p>Coquille souple isol\u00e9e \u00e0 trois couches de molleton contrecoll\u00e9 96\/4 Polyester\/ Spandex. Tissu actif imperm\u00e9able, coupe-vent, perm\u00e9able \u00e0 l&#8217;air et extensible. Poignets \u00e0 velcro r\u00e9glables. Deux poches avant \u00e0 glissi\u00e8re. Style mixte.<\/p>\n","protected":false},"featured_media":4801,"template":"","meta":[],"class_list":{"0":"post-4795","1":"product","2":"type-product","3":"status-publish","4":"has-post-thumbnail","6":"product_cat-vetements","7":"product_cat-manteau","8":"product_cat-performance","9":"product_cat-femme","10":"pa_couleur-blanc","11":"pa_couleur-bleu-metro","12":"pa_couleur-gris-fonce","13":"pa_couleur-marine","14":"pa_couleur-noir","15":"pa_couleur-rouge","16":"pa_grandeur-l","17":"pa_grandeur-m","18":"pa_grandeur-s","19":"pa_grandeur-xl","20":"pa_grandeur-xs","21":"pa_grandeur-xxl","23":"first","24":"instock","25":"shipping-taxable","26":"purchasable","27":"product-type-variable"},"aioseo_notices":[],"_links":{"self":[{"href":"https:\/\/shalouka.com\/fr\/wp-json\/wp\/v2\/product\/4795","targetHints":{"allow":["GET"]}}],"collection":[{"href":"https:\/\/shalouka.com\/fr\/wp-json\/wp\/v2\/product"}],"about":[{"href":"https:\/\/shalouka.com\/fr\/wp-json\/wp\/v2\/types\/product"}],"wp:featuredmedia":[{"embeddable":true,"href":"https:\/\/shalouka.com\/fr\/wp-json\/wp\/v2\/media\/4801"}],"wp:attachment":[{"href":"https:\/\/shalouka.com\/fr\/wp-json\/wp\/v2\/media?parent=4795"}],"curies":[{"name":"wp","href":"https:\/\/api.w.org\/{rel}","templated":true}]}}