{"id":4790,"date":"2015-05-25T08:38:41","date_gmt":"2015-05-25T13:38:41","guid":{"rendered":"http:\/\/shalouka.com\/produit\/l07225-coquille-souple-non-doublee-de-couleur-contrastante\/"},"modified":"2015-05-25T08:56:18","modified_gmt":"2015-05-25T13:56:18","slug":"l00695-chandail-a-col-cheminee-en-micromolleton-avec-glissiere-pleine-longueur","status":"publish","type":"product","link":"https:\/\/shalouka.com\/fr\/produit\/l00695-chandail-a-col-cheminee-en-micromolleton-avec-glissiere-pleine-longueur\/","title":{"rendered":"L00695 &#8211; Chandail \u00e0 col chemin\u00e9e en micromolleton avec glissi\u00e8re pleine longueur"},"content":{"rendered":"<p>100 % micromolleton de polyester. Anti-boulochage. Glissi\u00e8re \u00e0 tirette CX2.<\/p>","protected":false},"excerpt":{"rendered":"<p>100 % micromolleton de polyester. Anti-boulochage. Glissi\u00e8re \u00e0 tirette CX2.<\/p>\n","protected":false},"featured_media":4794,"template":"","meta":[],"class_list":{"0":"post-4790","1":"product","2":"type-product","3":"status-publish","4":"has-post-thumbnail","6":"product_cat-vetements","7":"product_cat-manteau","8":"product_cat-performance","9":"product_cat-homme","10":"pa_couleur-charbon","11":"pa_couleur-chocolat","12":"pa_couleur-marine","13":"pa_couleur-noir","14":"pa_couleur-rouge","15":"pa_grandeur-3xl","16":"pa_grandeur-4xl","17":"pa_grandeur-l","18":"pa_grandeur-m","19":"pa_grandeur-s","20":"pa_grandeur-xl","21":"pa_grandeur-xxl","23":"first","24":"instock","25":"shipping-taxable","26":"purchasable","27":"product-type-variable"},"aioseo_notices":[],"_links":{"self":[{"href":"https:\/\/shalouka.com\/fr\/wp-json\/wp\/v2\/product\/4790","targetHints":{"allow":["GET"]}}],"collection":[{"href":"https:\/\/shalouka.com\/fr\/wp-json\/wp\/v2\/product"}],"about":[{"href":"https:\/\/shalouka.com\/fr\/wp-json\/wp\/v2\/types\/product"}],"wp:featuredmedia":[{"embeddable":true,"href":"https:\/\/shalouka.com\/fr\/wp-json\/wp\/v2\/media\/4794"}],"wp:attachment":[{"href":"https:\/\/shalouka.com\/fr\/wp-json\/wp\/v2\/media?parent=4790"}],"curies":[{"name":"wp","href":"https:\/\/api.w.org\/{rel}","templated":true}]}}