{"id":4786,"date":"2015-05-25T08:38:26","date_gmt":"2015-05-25T13:38:26","guid":{"rendered":"http:\/\/shalouka.com\/produit\/l07225-coquille-souple-non-doublee-de-couleur-contrastante\/"},"modified":"2015-05-25T08:44:15","modified_gmt":"2015-05-25T13:44:15","slug":"l07200-coquille-souple-a-glissiere-sur-toute-la-longueur","status":"publish","type":"product","link":"https:\/\/shalouka.com\/fr\/produit\/l07200-coquille-souple-a-glissiere-sur-toute-la-longueur\/","title":{"rendered":"L07200 &#8211; Coquille souple \u00e0 glissi\u00e8re sur toute la longueur"},"content":{"rendered":"<p>Coquille souple isol\u00e9e \u00e0 trois couches de molleton contrecoll\u00e9 96\/4 Polyester\/ Spandex. Tissu actif imperm\u00e9able, coupe-vent, perm\u00e9able \u00e0 l&#8217;air et extensible. Poignets \u00e0 velcro r\u00e9glables. Deux poches avant \u00e0 glissi\u00e8re. Style mixte.<\/p>","protected":false},"excerpt":{"rendered":"<p>Coquille souple isol\u00e9e \u00e0 trois couches de molleton contrecoll\u00e9 96\/4 Polyester\/ Spandex. Tissu actif imperm\u00e9able, coupe-vent, perm\u00e9able \u00e0 l&#8217;air et extensible. Poignets \u00e0 velcro r\u00e9glables. Deux poches avant \u00e0 glissi\u00e8re. Style mixte.<\/p>\n","protected":false},"featured_media":4792,"template":"","meta":[],"class_list":{"0":"post-4786","1":"product","2":"type-product","3":"status-publish","4":"has-post-thumbnail","6":"product_cat-vetements","7":"product_cat-manteau","8":"product_cat-performance","9":"product_cat-homme","10":"pa_couleur-blanc","11":"pa_couleur-bleu-metro","12":"pa_couleur-gris-fonce","13":"pa_couleur-marine","14":"pa_couleur-noir","15":"pa_couleur-rouge","16":"pa_grandeur-3xl","17":"pa_grandeur-4xl","18":"pa_grandeur-l","19":"pa_grandeur-m","20":"pa_grandeur-s","21":"pa_grandeur-xl","22":"pa_grandeur-xs","23":"pa_grandeur-xxl","25":"first","26":"instock","27":"shipping-taxable","28":"purchasable","29":"product-type-variable"},"aioseo_notices":[],"_links":{"self":[{"href":"https:\/\/shalouka.com\/fr\/wp-json\/wp\/v2\/product\/4786","targetHints":{"allow":["GET"]}}],"collection":[{"href":"https:\/\/shalouka.com\/fr\/wp-json\/wp\/v2\/product"}],"about":[{"href":"https:\/\/shalouka.com\/fr\/wp-json\/wp\/v2\/types\/product"}],"wp:featuredmedia":[{"embeddable":true,"href":"https:\/\/shalouka.com\/fr\/wp-json\/wp\/v2\/media\/4792"}],"wp:attachment":[{"href":"https:\/\/shalouka.com\/fr\/wp-json\/wp\/v2\/media?parent=4786"}],"curies":[{"name":"wp","href":"https:\/\/api.w.org\/{rel}","templated":true}]}}