{"id":4772,"date":"2015-05-25T08:12:22","date_gmt":"2015-05-25T13:12:22","guid":{"rendered":"http:\/\/shalouka.com\/produit\/l04005-blouson-de-survetement-de-sport-en-etoffe-croisee-pour-homme\/"},"modified":"2015-05-25T08:28:06","modified_gmt":"2015-05-25T13:28:06","slug":"l09205-manteau-en-polyester-avec-doublure-en-micromolleton","status":"publish","type":"product","link":"https:\/\/shalouka.com\/fr\/produit\/l09205-manteau-en-polyester-avec-doublure-en-micromolleton\/","title":{"rendered":"L09205 &#8211; Manteau en polyester avec doublure en micromolleton"},"content":{"rendered":"<p>Blouson 100% polyester avec doublure en micromolleton et isolation l\u00e9g\u00e8re aux manches. Capuchon dissimul\u00e9 dans le collet. Poche int\u00e9rieure de poitrine.<\/p>","protected":false},"excerpt":{"rendered":"<p>Blouson 100% polyester avec doublure en micromolleton et isolation l\u00e9g\u00e8re aux manches. Capuchon dissimul\u00e9 dans le collet. Poche int\u00e9rieure de poitrine.<\/p>\n","protected":false},"featured_media":4776,"template":"","meta":[],"class_list":{"0":"post-4772","1":"product","2":"type-product","3":"status-publish","4":"has-post-thumbnail","6":"product_cat-vetements","7":"product_cat-manteau","8":"product_cat-performance","9":"product_cat-homme","10":"pa_couleur-bleu-ocean","11":"pa_couleur-gris-fonce","12":"pa_couleur-marine","13":"pa_couleur-noir","14":"pa_couleur-rouge","15":"pa_grandeur-3xl","16":"pa_grandeur-4xl","17":"pa_grandeur-l","18":"pa_grandeur-m","19":"pa_grandeur-s","20":"pa_grandeur-xl","21":"pa_grandeur-xxl","23":"first","24":"instock","25":"shipping-taxable","26":"purchasable","27":"product-type-variable"},"aioseo_notices":[],"_links":{"self":[{"href":"https:\/\/shalouka.com\/fr\/wp-json\/wp\/v2\/product\/4772","targetHints":{"allow":["GET"]}}],"collection":[{"href":"https:\/\/shalouka.com\/fr\/wp-json\/wp\/v2\/product"}],"about":[{"href":"https:\/\/shalouka.com\/fr\/wp-json\/wp\/v2\/types\/product"}],"wp:featuredmedia":[{"embeddable":true,"href":"https:\/\/shalouka.com\/fr\/wp-json\/wp\/v2\/media\/4776"}],"wp:attachment":[{"href":"https:\/\/shalouka.com\/fr\/wp-json\/wp\/v2\/media?parent=4772"}],"curies":[{"name":"wp","href":"https:\/\/api.w.org\/{rel}","templated":true}]}}