{"id":4770,"date":"2015-05-25T08:12:15","date_gmt":"2015-05-25T13:12:15","guid":{"rendered":"http:\/\/shalouka.com\/produit\/l04005-blouson-de-survetement-de-sport-en-etoffe-croisee-pour-homme\/"},"modified":"2015-05-25T08:23:58","modified_gmt":"2015-05-25T13:23:58","slug":"l07225-coquille-souple-non-doublee-de-couleur-contrastante","status":"publish","type":"product","link":"https:\/\/shalouka.com\/fr\/produit\/l07225-coquille-souple-non-doublee-de-couleur-contrastante\/","title":{"rendered":"L07225 &#8211; Coquille souple non doubl\u00e9e de couleur contrastante"},"content":{"rendered":"<p>Coquille souple isol\u00e9e \u00e0 trois couches de molleton contrecoll\u00e9 96\/4 Polyester\/ Spandex. Tissu extensible, respirant, coupe-vent et r\u00e9sistant \u00e0 l&#8217;eau. Poches doubl\u00e9es en tricot bross\u00e9. Glissi\u00e8re principale du devant YKK invers\u00e9 au niveau du ruban, poches du devant \u00e0 glissi\u00e8re. Poignets \u00e9lastiques. Ourlet muni d&#8217;un cordon \u00e9lastique de serrage.<\/p>\n<p>Rouge, orange ou gris fonc\u00e9 avec ligne noire.<\/p>\n<p>Bleu alpin, marine ou noir avec ligne grise fonc\u00e9e.<\/p>","protected":false},"excerpt":{"rendered":"<p>Coquille souple isol\u00e9e \u00e0 trois couches de molleton contrecoll\u00e9 96\/4 Polyester\/ Spandex. Tissu extensible, respirant, coupe-vent et r\u00e9sistant \u00e0 l&#8217;eau. Poches doubl\u00e9es en tricot bross\u00e9. Glissi\u00e8re principale du devant YKK invers\u00e9 au niveau du ruban, poches du devant \u00e0 glissi\u00e8re. Poignets \u00e9lastiques. Ourlet muni d&#8217;un cordon \u00e9lastique de serrage. Rouge, orange ou gris fonc\u00e9 avec [&hellip;]<\/p>\n","protected":false},"featured_media":4775,"template":"","meta":[],"class_list":{"0":"post-4770","1":"product","2":"type-product","3":"status-publish","4":"has-post-thumbnail","6":"product_cat-vetements","7":"product_cat-manteau","8":"product_cat-performance","9":"product_cat-homme","10":"pa_couleur-bleu-metro","11":"pa_couleur-gris-fonce","12":"pa_couleur-marine","13":"pa_couleur-noir","14":"pa_couleur-orange","15":"pa_couleur-rouge","16":"pa_grandeur-3xl","17":"pa_grandeur-4xl","18":"pa_grandeur-l","19":"pa_grandeur-m","20":"pa_grandeur-s","21":"pa_grandeur-xl","22":"pa_grandeur-xxl","24":"first","25":"instock","26":"shipping-taxable","27":"purchasable","28":"product-type-variable"},"aioseo_notices":[],"_links":{"self":[{"href":"https:\/\/shalouka.com\/fr\/wp-json\/wp\/v2\/product\/4770","targetHints":{"allow":["GET"]}}],"collection":[{"href":"https:\/\/shalouka.com\/fr\/wp-json\/wp\/v2\/product"}],"about":[{"href":"https:\/\/shalouka.com\/fr\/wp-json\/wp\/v2\/types\/product"}],"wp:featuredmedia":[{"embeddable":true,"href":"https:\/\/shalouka.com\/fr\/wp-json\/wp\/v2\/media\/4775"}],"wp:attachment":[{"href":"https:\/\/shalouka.com\/fr\/wp-json\/wp\/v2\/media?parent=4770"}],"curies":[{"name":"wp","href":"https:\/\/api.w.org\/{rel}","templated":true}]}}