{"id":4768,"date":"2015-05-25T08:12:07","date_gmt":"2015-05-25T13:12:07","guid":{"rendered":"http:\/\/shalouka.com\/produit\/l04005-blouson-de-survetement-de-sport-en-etoffe-croisee-pour-homme\/"},"modified":"2015-05-25T08:17:49","modified_gmt":"2015-05-25T13:17:49","slug":"l03200-coquille-souple-doublee-de-couleur-contrastante-avec-capuchon-amovible","status":"publish","type":"product","link":"https:\/\/shalouka.com\/fr\/produit\/l03200-coquille-souple-doublee-de-couleur-contrastante-avec-capuchon-amovible\/","title":{"rendered":"L03200 &#8211; Coquille souple doubl\u00e9e de couleur contrastante avec capuchon amovible"},"content":{"rendered":"<p>Coquille souple isol\u00e9e \u00e0 trois couches de molleton contrecoll\u00e9 96\/4 Polyester\/ Spandex. Entre-doublure piqu\u00e9e isotherme compl\u00e8te, \u00e0 motif CX2. Capuchon isotherme amovible. Glissi\u00e8re principale du devant YKK invers\u00e9 au niveau du ruban, poches du devant \u00e0 glissi\u00e8re. Poche int\u00e9rieure \u00e0 bouton pression. Poches doubl\u00e9es en tricot bross\u00e9. Languette de fermeture autoagrippante aux poignets. Ourlet et capuchon munis d&#8217;un cordon de serrage.<\/p>","protected":false},"excerpt":{"rendered":"<p>Coquille souple isol\u00e9e \u00e0 trois couches de molleton contrecoll\u00e9 96\/4 Polyester\/ Spandex. Entre-doublure piqu\u00e9e isotherme compl\u00e8te, \u00e0 motif CX2. Capuchon isotherme amovible. Glissi\u00e8re principale du devant YKK invers\u00e9 au niveau du ruban, poches du devant \u00e0 glissi\u00e8re. Poche int\u00e9rieure \u00e0 bouton pression. Poches doubl\u00e9es en tricot bross\u00e9. Languette de fermeture autoagrippante aux poignets. Ourlet et [&hellip;]<\/p>\n","protected":false},"featured_media":4774,"template":"","meta":[],"class_list":{"0":"post-4768","1":"product","2":"type-product","3":"status-publish","4":"has-post-thumbnail","6":"product_cat-vetements","7":"product_cat-manteau","8":"product_cat-performance","9":"product_cat-homme","10":"pa_couleur-bleu-carolina","11":"pa_couleur-marine","12":"pa_couleur-noir","13":"pa_grandeur-3xl","14":"pa_grandeur-4xl","15":"pa_grandeur-l","16":"pa_grandeur-m","17":"pa_grandeur-s","18":"pa_grandeur-xl","19":"pa_grandeur-xxl","21":"first","22":"instock","23":"shipping-taxable","24":"purchasable","25":"product-type-variable"},"aioseo_notices":[],"_links":{"self":[{"href":"https:\/\/shalouka.com\/fr\/wp-json\/wp\/v2\/product\/4768","targetHints":{"allow":["GET"]}}],"collection":[{"href":"https:\/\/shalouka.com\/fr\/wp-json\/wp\/v2\/product"}],"about":[{"href":"https:\/\/shalouka.com\/fr\/wp-json\/wp\/v2\/types\/product"}],"wp:featuredmedia":[{"embeddable":true,"href":"https:\/\/shalouka.com\/fr\/wp-json\/wp\/v2\/media\/4774"}],"wp:attachment":[{"href":"https:\/\/shalouka.com\/fr\/wp-json\/wp\/v2\/media?parent=4768"}],"curies":[{"name":"wp","href":"https:\/\/api.w.org\/{rel}","templated":true}]}}