{"id":4765,"date":"2015-05-25T08:05:14","date_gmt":"2015-05-25T13:05:14","guid":{"rendered":"http:\/\/shalouka.com\/produit\/l04005-blouson-de-survetement-de-sport-en-etoffe-croisee-pour-homme\/"},"modified":"2015-05-25T08:11:13","modified_gmt":"2015-05-25T13:11:13","slug":"l00227-blouson-en-cuir-et-melton-pour-homme","status":"publish","type":"product","link":"https:\/\/shalouka.com\/fr\/produit\/l00227-blouson-en-cuir-et-melton-pour-homme\/","title":{"rendered":"L00227 &#8211; Blouson en cuir et melton pour homme"},"content":{"rendered":"<p>Blousons en melton et cuir. Rev\u00eatement ext\u00e9rieur en melton de 24 oz et daim. Doublure en nylon avec bourre de polyester de 3 \u00bc oz. Ceinture \u00e9lastique de tricot \u00e0 c\u00f4tes en acrylique. Col droit en melton et en cuir doubl\u00e9 de tricot \u00e0 c\u00f4tes. Pochette pour t\u00e9l\u00e9phone cellulaire et poche poitrine internes. Import\u00e9.<\/p>","protected":false},"excerpt":{"rendered":"<p>Blousons en melton et cuir. Rev\u00eatement ext\u00e9rieur en melton de 24 oz et daim. Doublure en nylon avec bourre de polyester de 3 \u00bc oz. Ceinture \u00e9lastique de tricot \u00e0 c\u00f4tes en acrylique. Col droit en melton et en cuir doubl\u00e9 de tricot \u00e0 c\u00f4tes. Pochette pour t\u00e9l\u00e9phone cellulaire et poche poitrine internes. Import\u00e9.<\/p>\n","protected":false},"featured_media":4767,"template":"","meta":[],"class_list":{"0":"post-4765","1":"product","2":"type-product","3":"status-publish","4":"has-post-thumbnail","6":"product_cat-vetements","7":"product_cat-manteau","8":"product_cat-performance","9":"product_cat-homme","10":"pa_couleur-vert-foret","11":"pa_couleur-marine","12":"pa_couleur-mauve","13":"pa_couleur-noir","14":"pa_couleur-rouge","15":"pa_grandeur-3xl","16":"pa_grandeur-4xl","17":"pa_grandeur-l","18":"pa_grandeur-m","19":"pa_grandeur-s","20":"pa_grandeur-xl","21":"pa_grandeur-xs","22":"pa_grandeur-xxl","24":"first","25":"instock","26":"shipping-taxable","27":"purchasable","28":"product-type-variable"},"aioseo_notices":[],"_links":{"self":[{"href":"https:\/\/shalouka.com\/fr\/wp-json\/wp\/v2\/product\/4765","targetHints":{"allow":["GET"]}}],"collection":[{"href":"https:\/\/shalouka.com\/fr\/wp-json\/wp\/v2\/product"}],"about":[{"href":"https:\/\/shalouka.com\/fr\/wp-json\/wp\/v2\/types\/product"}],"wp:featuredmedia":[{"embeddable":true,"href":"https:\/\/shalouka.com\/fr\/wp-json\/wp\/v2\/media\/4767"}],"wp:attachment":[{"href":"https:\/\/shalouka.com\/fr\/wp-json\/wp\/v2\/media?parent=4765"}],"curies":[{"name":"wp","href":"https:\/\/api.w.org\/{rel}","templated":true}]}}