{"id":4756,"date":"2015-05-24T20:59:25","date_gmt":"2015-05-25T01:59:25","guid":{"rendered":"http:\/\/shalouka.com\/produit\/6755-t-shirt-triblend-a-manches-raglan-34\/"},"modified":"2015-05-24T21:15:59","modified_gmt":"2015-05-25T02:15:59","slug":"l04070-blouson-de-survetement-de-sport-en-etoffe-croisee-pour-homm","status":"publish","type":"product","link":"https:\/\/shalouka.com\/fr\/produit\/6755-t-shirt-triblend-a-manches-raglan-34-2\/","title":{"rendered":"L04070 &#8211; Blouson de surv\u00eatement de sport en \u00e9toffe crois\u00e9e pour homm"},"content":{"rendered":"<p>Coquille externe tout polyester. Doublure du corps et des manches en maille. Surpiq\u00fbre contrastante avec passepoil blanc. Rev\u00eatement ext\u00e9rieur doux, silencieux, \u00e9tanche et coupe-vent. Poignets \u00e0 velcro\u00c2\u00ae. Deux poches avant \u00e0 glissi\u00e8re. Style mixte<\/p>\n<p>Disponible en marine ou noir. Si marine, seulement choix de lignes marine, or ou rouge.<\/p>","protected":false},"excerpt":{"rendered":"<p>Coquille externe tout polyester. Doublure du corps et des manches en maille. Surpiq\u00fbre contrastante avec passepoil blanc. Rev\u00eatement ext\u00e9rieur doux, silencieux, \u00e9tanche et coupe-vent. Poignets \u00e0 velcro\u00c2\u00ae. Deux poches avant \u00e0 glissi\u00e8re. Style mixte Disponible en marine ou noir. Si marine, seulement choix de lignes marine, or ou rouge.<\/p>\n","protected":false},"featured_media":4759,"template":"","meta":[],"class_list":{"0":"post-4756","1":"product","2":"type-product","3":"status-publish","4":"has-post-thumbnail","6":"product_cat-vetements","7":"product_cat-manteau","8":"product_cat-performance","9":"product_cat-homme","10":"pa_couleur-vert-foret","11":"pa_couleur-noir","12":"pa_couleur-or","13":"pa_couleur-rouge","14":"pa_couleur-royal","15":"pa_grandeur-3xl","16":"pa_grandeur-4xl","17":"pa_grandeur-l","18":"pa_grandeur-m","19":"pa_grandeur-s","20":"pa_grandeur-xl","21":"pa_grandeur-xxl","23":"first","24":"instock","25":"shipping-taxable","26":"purchasable","27":"product-type-variable"},"aioseo_notices":[],"_links":{"self":[{"href":"https:\/\/shalouka.com\/fr\/wp-json\/wp\/v2\/product\/4756","targetHints":{"allow":["GET"]}}],"collection":[{"href":"https:\/\/shalouka.com\/fr\/wp-json\/wp\/v2\/product"}],"about":[{"href":"https:\/\/shalouka.com\/fr\/wp-json\/wp\/v2\/types\/product"}],"wp:featuredmedia":[{"embeddable":true,"href":"https:\/\/shalouka.com\/fr\/wp-json\/wp\/v2\/media\/4759"}],"wp:attachment":[{"href":"https:\/\/shalouka.com\/fr\/wp-json\/wp\/v2\/media?parent=4756"}],"curies":[{"name":"wp","href":"https:\/\/api.w.org\/{rel}","templated":true}]}}