{"id":4754,"date":"2015-05-24T20:59:21","date_gmt":"2015-05-25T01:59:21","guid":{"rendered":"http:\/\/shalouka.com\/produit\/6755-t-shirt-triblend-a-manches-raglan-34\/"},"modified":"2015-05-24T21:06:54","modified_gmt":"2015-05-25T02:06:54","slug":"l04005-blouson-de-survetement-de-sport-en-etoffe-croisee-pour-homme","status":"publish","type":"product","link":"https:\/\/shalouka.com\/fr\/produit\/l04005-blouson-de-survetement-de-sport-en-etoffe-croisee-pour-homme\/","title":{"rendered":"L04005 &#8211; Blouson de surv\u00eatement de sport en \u00e9toffe crois\u00e9e pour homme"},"content":{"rendered":"<p>Coquille ext\u00e9rieure 100 % serg\u00e9 de polyester avec corps doubl\u00e9 de maille et manches doubl\u00e9es de taffetas. Le panneau passepoil\u00e9 contrastant au devant et les panneaux contrastants aux manches lui conf\u00e8rent une allure mince et \u00e9lanc\u00e9e. R\u00e9sistant \u00e0 l\u00e2\u20ac\u2122eau et au vent, coquille ext\u00e9rieure douce et silencieuse. Fermeture \u00e0 glissi\u00e8re YKK \u00e0 patte devant. Deux poches avant \u00e0 glissi\u00e8res et poche \u00e0 monnaie sur la couture de droite. Le poignet \u00e0 demi-\u00e9lastique permet de se mouvoir ais\u00e9ment et confortablement.<\/p>\n<p>Disponible en marine ou noir. Si marine, seulement choix de lignes blanches, or ou rouge.<\/p>","protected":false},"excerpt":{"rendered":"<p>Coquille ext\u00e9rieure 100 % serg\u00e9 de polyester avec corps doubl\u00e9 de maille et manches doubl\u00e9es de taffetas. Le panneau passepoil\u00e9 contrastant au devant et les panneaux contrastants aux manches lui conf\u00e8rent une allure mince et \u00e9lanc\u00e9e. R\u00e9sistant \u00e0 l\u00e2\u20ac\u2122eau et au vent, coquille ext\u00e9rieure douce et silencieuse. Fermeture \u00e0 glissi\u00e8re YKK \u00e0 patte devant. Deux [&hellip;]<\/p>\n","protected":false},"featured_media":4758,"template":"","meta":[],"class_list":{"0":"post-4754","1":"product","2":"type-product","3":"status-publish","4":"has-post-thumbnail","6":"product_cat-vetements","7":"product_cat-manteau","8":"product_cat-performance","9":"product_cat-homme","10":"pa_couleur-blanc","11":"pa_couleur-vert-foret","12":"pa_couleur-or","13":"pa_couleur-orange","14":"pa_couleur-rouge","15":"pa_grandeur-3xl","16":"pa_grandeur-4xl","17":"pa_grandeur-l","18":"pa_grandeur-m","19":"pa_grandeur-s","20":"pa_grandeur-xl","21":"pa_grandeur-xxl","23":"first","24":"instock","25":"shipping-taxable","26":"purchasable","27":"product-type-variable"},"aioseo_notices":[],"_links":{"self":[{"href":"https:\/\/shalouka.com\/fr\/wp-json\/wp\/v2\/product\/4754","targetHints":{"allow":["GET"]}}],"collection":[{"href":"https:\/\/shalouka.com\/fr\/wp-json\/wp\/v2\/product"}],"about":[{"href":"https:\/\/shalouka.com\/fr\/wp-json\/wp\/v2\/types\/product"}],"wp:featuredmedia":[{"embeddable":true,"href":"https:\/\/shalouka.com\/fr\/wp-json\/wp\/v2\/media\/4758"}],"wp:attachment":[{"href":"https:\/\/shalouka.com\/fr\/wp-json\/wp\/v2\/media?parent=4754"}],"curies":[{"name":"wp","href":"https:\/\/api.w.org\/{rel}","templated":true}]}}