{"id":4750,"date":"2015-05-24T20:40:18","date_gmt":"2015-05-25T01:40:18","guid":{"rendered":"http:\/\/shalouka.com\/produit\/b2000-t-shirt-a-manches-34-contrastantes\/"},"modified":"2015-05-24T20:53:30","modified_gmt":"2015-05-25T01:53:30","slug":"887l-t-shirt-pour-dames-a-capuchon-et-manches-longues","status":"publish","type":"product","link":"https:\/\/shalouka.com\/fr\/produit\/887l-t-shirt-pour-dames-a-capuchon-et-manches-longues\/","title":{"rendered":"887L &#8211; T-shirt pour dames \u00e0 capuchon et manches longues"},"content":{"rendered":"<p><span id=\"ctl00_m_g_27a8ba05_116b_47db_a09c_4da75153a324_ctl01_ItemDesc\"><span id=\"ctl00_m_g_27a8ba05_116b_47db_a09c_4da75153a324_ctl01_ItemDesc_LabelProductText\">100% Coton peign\u00e9 et fil\u00e9 \u00e0 l\u2019anneau, 7.5 oz\u00a0pr\u00e9r\u00e9tr\u00e9ci. Double coutures aux manches et \u00e0 la base. Capuchon avec cordon contrastant. Etiquette d\u00e9tachable (heather blue\/heather purple\/heather green\/heather dark grey 60% polyester) \u00a0<\/span> <\/span><\/p>\n<p>Les cordons sont jaunes sauf pour les chandails blanc, noir, marine et gris cendr\u00e9 fonc\u00e9.<\/p>","protected":false},"excerpt":{"rendered":"<p>100% Coton peign\u00e9 et fil\u00e9 \u00e0 l\u2019anneau, 7.5 oz\u00a0pr\u00e9r\u00e9tr\u00e9ci. Double coutures aux manches et \u00e0 la base. Capuchon avec cordon contrastant. Etiquette d\u00e9tachable (heather blue\/heather purple\/heather green\/heather dark grey 60% polyester) \u00a0 Les cordons sont jaunes sauf pour les chandails blanc, noir, marine et gris cendr\u00e9 fonc\u00e9.<\/p>\n","protected":false},"featured_media":4753,"template":"","meta":[],"class_list":{"0":"post-4750","1":"product","2":"type-product","3":"status-publish","4":"has-post-thumbnail","6":"product_cat-vetements","7":"product_cat-capuchon","8":"product_cat-manche-longue","9":"product_cat-femme","10":"pa_couleur-gris-cendre","11":"pa_couleur-blanc","12":"pa_couleur-bleu-delave","13":"pa_couleur-marine","14":"pa_couleur-mauve","15":"pa_couleur-noir","16":"pa_couleur-rose","17":"pa_couleur-vert-kelly","18":"pa_grandeur-l","19":"pa_grandeur-m","20":"pa_grandeur-s","21":"pa_grandeur-xl","22":"pa_grandeur-xxl","24":"first","25":"instock","26":"shipping-taxable","27":"purchasable","28":"product-type-variable"},"aioseo_notices":[],"_links":{"self":[{"href":"https:\/\/shalouka.com\/fr\/wp-json\/wp\/v2\/product\/4750","targetHints":{"allow":["GET"]}}],"collection":[{"href":"https:\/\/shalouka.com\/fr\/wp-json\/wp\/v2\/product"}],"about":[{"href":"https:\/\/shalouka.com\/fr\/wp-json\/wp\/v2\/types\/product"}],"wp:featuredmedia":[{"embeddable":true,"href":"https:\/\/shalouka.com\/fr\/wp-json\/wp\/v2\/media\/4753"}],"wp:attachment":[{"href":"https:\/\/shalouka.com\/fr\/wp-json\/wp\/v2\/media?parent=4750"}],"curies":[{"name":"wp","href":"https:\/\/api.w.org\/{rel}","templated":true}]}}