{"id":4748,"date":"2015-05-24T20:40:08","date_gmt":"2015-05-25T01:40:08","guid":{"rendered":"http:\/\/shalouka.com\/produit\/b2000-t-shirt-a-manches-34-contrastantes\/"},"modified":"2015-05-24T20:44:53","modified_gmt":"2015-05-25T01:44:53","slug":"6756l-t-shirt-a-col-rond-echancre-triblend-a-12-manches","status":"publish","type":"product","link":"https:\/\/shalouka.com\/fr\/produit\/6756l-t-shirt-a-col-rond-echancre-triblend-a-12-manches\/","title":{"rendered":"6756L- T-shirt \u00e0 col rond \u00e9chancr\u00e9 Triblend \u00e0 1\/2 manches"},"content":{"rendered":"<p><span id=\"ctl00_m_g_27a8ba05_116b_47db_a09c_4da75153a324_ctl01_ItemDesc\"><span id=\"ctl00_m_g_27a8ba05_116b_47db_a09c_4da75153a324_ctl01_ItemDesc_LabelProductText\">50% Polyester, 25% coton fil\u00e9 \u00e0 l\u2019anneau, 25% rayonne. Pr\u00e9r\u00e9tr\u00e9ci, 7.85 oz. Silhouette semi-ajust\u00e9e avec couture lat\u00e9rale. Col rond \u00e9chancr\u00e9. Double coutures aux manches et \u00e0 la base qui est arrondie. Etiquette d\u00e9tachable. 30 Single.<\/span><\/span><\/p>","protected":false},"excerpt":{"rendered":"<p>50% Polyester, 25% coton fil\u00e9 \u00e0 l\u2019anneau, 25% rayonne. Pr\u00e9r\u00e9tr\u00e9ci, 7.85 oz. Silhouette semi-ajust\u00e9e avec couture lat\u00e9rale. Col rond \u00e9chancr\u00e9. Double coutures aux manches et \u00e0 la base qui est arrondie. Etiquette d\u00e9tachable. 30 Single.<\/p>\n","protected":false},"featured_media":4752,"template":"","meta":[],"class_list":{"0":"post-4748","1":"product","2":"type-product","3":"status-publish","4":"has-post-thumbnail","6":"product_cat-vetements","7":"product_cat-manche-longue","8":"product_cat-femme","9":"pa_couleur-gris-cendre","10":"pa_couleur-bleu-galapagos","11":"pa_couleur-framboise-givree","12":"pa_couleur-gris-fonce","13":"pa_couleur-mauve","14":"pa_couleur-rouge","15":"pa_grandeur-l","16":"pa_grandeur-m","17":"pa_grandeur-s","18":"pa_grandeur-xl","19":"pa_grandeur-xs","20":"pa_grandeur-xxl","22":"first","23":"instock","24":"shipping-taxable","25":"purchasable","26":"product-type-variable"},"aioseo_notices":[],"_links":{"self":[{"href":"https:\/\/shalouka.com\/fr\/wp-json\/wp\/v2\/product\/4748","targetHints":{"allow":["GET"]}}],"collection":[{"href":"https:\/\/shalouka.com\/fr\/wp-json\/wp\/v2\/product"}],"about":[{"href":"https:\/\/shalouka.com\/fr\/wp-json\/wp\/v2\/types\/product"}],"wp:featuredmedia":[{"embeddable":true,"href":"https:\/\/shalouka.com\/fr\/wp-json\/wp\/v2\/media\/4752"}],"wp:attachment":[{"href":"https:\/\/shalouka.com\/fr\/wp-json\/wp\/v2\/media?parent=4748"}],"curies":[{"name":"wp","href":"https:\/\/api.w.org\/{rel}","templated":true}]}}